{"id":12690,"date":"2019-01-24T17:06:11","date_gmt":"2019-01-24T17:06:11","guid":{"rendered":"https:\/\/asten.ee\/social\/"},"modified":"2022-01-19T13:19:48","modified_gmt":"2022-01-19T13:19:48","slug":"social","status":"publish","type":"page","link":"https:\/\/www.asten.ee\/lv\/social\/","title":{"rendered":"Social"},"content":{"rendered":"<\/p>\n\n\t<section class=\"section dark\" id=\"section_1472857036\">\n\t\t<div class=\"section-bg fill\" >\n\t\t\t<img loading=\"lazy\" decoding=\"async\" width=\"1690\" height=\"955\" src=\"https:\/\/www.asten.ee\/wp-content\/uploads\/2019\/01\/beekeeping.jpg\" class=\"bg attachment-orginal size-orginal\" alt=\"\" \/>\t\t\t\t\t\t<div class=\"section-bg-overlay absolute fill\"><\/div>\n\t\t\t\n\n\t\t<\/div>\n\n\t\t\n\n\t\t<div class=\"section-content relative\">\n\t\t\t\n\n<div class=\"row align-middle\"  id=\"row-1270141208\">\n\n\n\t<div id=\"col-2087064242\" class=\"col medium-3 large-3\"  >\n\t\t\t\t<div class=\"col-inner\"  >\n\t\t\t\n\t\t\t\n\n<h1 class=\"uppercase\"><span style=\"font-family: Brandon;\">Asteni mesinduse\u00a0<\/span><br\/><span style=\"font-family: Brandon;\">blogi<\/span><\/h1>\n<p class=\"lead\"><strong><span style=\"font-family: Brandon; font-size: 19px;\">Aeg-ajalt v\u00f5ib meid leida sulepea k\u00e4es blogi kirjutamas, oleme siia lugemiseks kokku koondanud:<\/span><\/strong><\/p>\n<ul>\n<li class=\"bullet-checkmark\"><strong><span style=\"font-family: Brandon; font-size: 19px;\">Blogi mesinduse igap\u00e4evaelust<\/span><\/strong><\/li>\n<li class=\"bullet-checkmark\"><strong><span style=\"font-family: Brandon; font-size: 19px;\">Asteni Mesinduse toodetavate toodete \u00fclevaated ja tutvustused<\/span><\/strong><\/li>\n<li class=\"bullet-checkmark\"><strong><span style=\"font-family: Brandon; font-size: 19px;\">Muud huvitavat mesindusest<\/span><\/strong><\/li>\n<\/ul>\n\n\t\t<\/div>\n\t\t\t\t\t<\/div>\n\n\t\n\n\t<div id=\"col-1359380144\" class=\"col medium-9 large-9\"  >\n\t\t\t\t<div class=\"col-inner\"  >\n\t\t\t\n\t\t\t\n\n\n\t\t<\/div>\n\t\t\t\t\t<\/div>\n\n\t\n\n<\/div>\n\n\t\t<\/div>\n\n\t\t\n<style>\n#section_1472857036 {\n  padding-top: 30px;\n  padding-bottom: 30px;\n  background-color: rgb(50, 50, 50);\n}\n#section_1472857036 .section-bg-overlay {\n  background-color: rgba(0, 0, 0, 0.5);\n}\n#section_1472857036 .section-bg img {\n  object-position: 23% 0%;\n}\n<\/style>\n\t<\/section>\n\t\n<p>\n<\/p><\/p>\n<p><\/p>\n\n\t<section class=\"section\" id=\"section_439216899\">\n\t\t<div class=\"section-bg fill\" >\n\t\t\t\t\t\t\t\t\t\n\t\t\t\n\n\t\t<\/div>\n\n\t\t\n\n\t\t<div class=\"section-content relative\">\n\t\t\t\n<div class=\"container section-title-container\" style=\"max-width:1200px;\"><h3 class=\"section-title section-title-center\"><b><\/b><span class=\"section-title-main\" style=\"color:rgb(237, 110, 30);\">blogipostitused<\/span><b><\/b><\/h3><\/div>\n\n  \n    <div class=\"row large-columns-3 medium-columns- small-columns-1 slider row-slider slider-nav-reveal slider-nav-push\"  data-flickity-options='{&quot;imagesLoaded&quot;: true, &quot;groupCells&quot;: &quot;100%&quot;, &quot;dragThreshold&quot; : 5, &quot;cellAlign&quot;: &quot;left&quot;,&quot;wrapAround&quot;: true,&quot;prevNextButtons&quot;: true,&quot;percentPosition&quot;: true,&quot;pageDots&quot;: false, &quot;rightToLeft&quot;: false, &quot;autoPlay&quot; : false}' >\n\n  <div class=\"col post-item\" >\n\t\t\t<div class=\"col-inner\">\n\t\t\t\t<div class=\"box box-normal box-text-bottom box-blog-post has-hover\">\n            \t\t\t\t\t<div class=\"box-image\" >\n  \t\t\t\t\t\t<div class=\"image-cover\" style=\"padding-top:56.25%;\">\n\t\t\t\t\t\t\t<a href=\"https:\/\/www.asten.ee\/lv\/2021\/01\/08\/uus-innovaatiline-ja-mobiilne-minivurr-eva1\/\" class=\"plain\" aria-label=\"Uus innovaatiline ja mobiilne minivurr EVA1\">\n\t\t\t\t\t\t\t\t<img loading=\"lazy\" decoding=\"async\" width=\"533\" height=\"400\" src=\"https:\/\/www.asten.ee\/wp-content\/uploads\/2021\/01\/IMG_8379-533x400.jpg\" class=\"attachment-medium size-medium wp-post-image\" alt=\"\" srcset=\"https:\/\/www.asten.ee\/wp-content\/uploads\/2021\/01\/IMG_8379-533x400.jpg 533w, https:\/\/www.asten.ee\/wp-content\/uploads\/2021\/01\/IMG_8379-1067x800.jpg 1067w, https:\/\/www.asten.ee\/wp-content\/uploads\/2021\/01\/IMG_8379-500x375.jpg 500w, https:\/\/www.asten.ee\/wp-content\/uploads\/2021\/01\/IMG_8379-768x576.jpg 768w, https:\/\/www.asten.ee\/wp-content\/uploads\/2021\/01\/IMG_8379-1536x1152.jpg 1536w, https:\/\/www.asten.ee\/wp-content\/uploads\/2021\/01\/IMG_8379-2048x1536.jpg 2048w, https:\/\/www.asten.ee\/wp-content\/uploads\/2021\/01\/IMG_8379-1200x900.jpg 1200w\" sizes=\"auto, (max-width: 533px) 100vw, 533px\" \/>\t\t\t\t\t\t\t<\/a>\n  \t\t\t\t\t\t\t  \t\t\t\t\t\t\t  \t\t\t\t\t\t<\/div>\n  \t\t\t\t\t\t  \t\t\t\t\t<\/div>\n          \t\t\t\t\t<div class=\"box-text text-center\" >\n\t\t\t\t\t<div class=\"box-text-inner blog-post-inner\">\n\n\t\t\t\t\t\n\t\t\t\t\t\t\t\t\t\t<h5 class=\"post-title is-large \">\n\t\t\t\t\t\t<a href=\"https:\/\/www.asten.ee\/lv\/2021\/01\/08\/uus-innovaatiline-ja-mobiilne-minivurr-eva1\/\" class=\"plain\">Uus innovaatiline ja mobiilne minivurr EVA1<\/a>\n\t\t\t\t\t<\/h5>\n\t\t\t\t\t\t\t\t\t\t<div class=\"is-divider\"><\/div>\n\t\t\t\t\t\t\t\t\t\t<p class=\"from_the_blog_excerpt \">\n\t\t\t\t\t\tKui meenutada minu kogemusi ja m\u00e4lestusi mesindusega seoses minu enda noorusaegadest, siis kindlalt kangastub \u00fche [...]\t\t\t\t\t<\/p>\n\t\t\t\t\t                    \n\t\t\t\t\t\n\t\t\t\t\t\n\t\t\t\t\t<\/div>\n\t\t\t\t\t<\/div>\n\t\t\t\t\t\t\t\t\t\t\t\t\t\t\t\t<div class=\"badge absolute top post-date badge-outline\">\n\t\t\t\t\t\t\t<div class=\"badge-inner\">\n\t\t\t\t\t\t\t\t<span class=\"post-date-day\">08<\/span><br>\n\t\t\t\t\t\t\t\t<span class=\"post-date-month is-xsmall\">Jan<\/span>\n\t\t\t\t\t\t\t<\/div>\n\t\t\t\t\t\t<\/div>\n\t\t\t\t\t\t\t\t\t<\/div>\n\t\t\t<\/div>\n\t\t<\/div><div class=\"col post-item\" >\n\t\t\t<div class=\"col-inner\">\n\t\t\t\t<div class=\"box box-normal box-text-bottom box-blog-post has-hover\">\n            \t\t\t\t\t<div class=\"box-image\" >\n  \t\t\t\t\t\t<div class=\"image-cover\" style=\"padding-top:56.25%;\">\n\t\t\t\t\t\t\t<a href=\"https:\/\/www.asten.ee\/lv\/2019\/09\/29\/hitt-tooted\/\" class=\"plain\" aria-label=\"Meie s\u00fcgistalvised hitt-tooted\">\n\t\t\t\t\t\t\t\t<img loading=\"lazy\" decoding=\"async\" width=\"567\" height=\"400\" src=\"https:\/\/www.asten.ee\/wp-content\/uploads\/2019\/01\/shutterstock_1033372894-567x400.jpg\" class=\"attachment-medium size-medium wp-post-image\" alt=\"\" srcset=\"https:\/\/www.asten.ee\/wp-content\/uploads\/2019\/01\/shutterstock_1033372894-567x400.jpg 567w, https:\/\/www.asten.ee\/wp-content\/uploads\/2019\/01\/shutterstock_1033372894-500x353.jpg 500w, https:\/\/www.asten.ee\/wp-content\/uploads\/2019\/01\/shutterstock_1033372894-768x542.jpg 768w, https:\/\/www.asten.ee\/wp-content\/uploads\/2019\/01\/shutterstock_1033372894.jpg 1000w\" sizes=\"auto, (max-width: 567px) 100vw, 567px\" \/>\t\t\t\t\t\t\t<\/a>\n  \t\t\t\t\t\t\t  \t\t\t\t\t\t\t  \t\t\t\t\t\t<\/div>\n  \t\t\t\t\t\t  \t\t\t\t\t<\/div>\n          \t\t\t\t\t<div class=\"box-text text-center\" >\n\t\t\t\t\t<div class=\"box-text-inner blog-post-inner\">\n\n\t\t\t\t\t\n\t\t\t\t\t\t\t\t\t\t<h5 class=\"post-title is-large \">\n\t\t\t\t\t\t<a href=\"https:\/\/www.asten.ee\/lv\/2019\/09\/29\/hitt-tooted\/\" class=\"plain\">Meie s\u00fcgistalvised hitt-tooted<\/a>\n\t\t\t\t\t<\/h5>\n\t\t\t\t\t\t\t\t\t\t<div class=\"is-divider\"><\/div>\n\t\t\t\t\t\t\t\t\t\t<p class=\"from_the_blog_excerpt \">\n\t\t\t\t\t\tSelle hooaja suurimale sooduskampaaniale on aeg selleks korraks joon alla t\u00f5mmata ning on aeg teha [...]\t\t\t\t\t<\/p>\n\t\t\t\t\t                    \n\t\t\t\t\t\n\t\t\t\t\t\n\t\t\t\t\t<\/div>\n\t\t\t\t\t<\/div>\n\t\t\t\t\t\t\t\t\t\t\t\t\t\t\t\t<div class=\"badge absolute top post-date badge-outline\">\n\t\t\t\t\t\t\t<div class=\"badge-inner\">\n\t\t\t\t\t\t\t\t<span class=\"post-date-day\">29<\/span><br>\n\t\t\t\t\t\t\t\t<span class=\"post-date-month is-xsmall\">Sep<\/span>\n\t\t\t\t\t\t\t<\/div>\n\t\t\t\t\t\t<\/div>\n\t\t\t\t\t\t\t\t\t<\/div>\n\t\t\t<\/div>\n\t\t<\/div><div class=\"col post-item\" >\n\t\t\t<div class=\"col-inner\">\n\t\t\t\t<div class=\"box box-normal box-text-bottom box-blog-post has-hover\">\n            \t\t\t\t\t<div class=\"box-image\" >\n  \t\t\t\t\t\t<div class=\"image-cover\" style=\"padding-top:56.25%;\">\n\t\t\t\t\t\t\t<a href=\"https:\/\/www.asten.ee\/lv\/2019\/09\/09\/aasta-suurim-sooduskampaania\/\" class=\"plain\" aria-label=\"Aasta suurim sooduskampaania!\">\n\t\t\t\t\t\t\t\t<img loading=\"lazy\" decoding=\"async\" width=\"620\" height=\"400\" src=\"https:\/\/www.asten.ee\/wp-content\/uploads\/2019\/09\/header-620x400.jpg\" class=\"attachment-medium size-medium wp-post-image\" alt=\"\" srcset=\"https:\/\/www.asten.ee\/wp-content\/uploads\/2019\/09\/header-620x400.jpg 620w, https:\/\/www.asten.ee\/wp-content\/uploads\/2019\/09\/header-500x323.jpg 500w, https:\/\/www.asten.ee\/wp-content\/uploads\/2019\/09\/header-768x495.jpg 768w, https:\/\/www.asten.ee\/wp-content\/uploads\/2019\/09\/header.jpg 800w\" sizes=\"auto, (max-width: 620px) 100vw, 620px\" \/>\t\t\t\t\t\t\t<\/a>\n  \t\t\t\t\t\t\t  \t\t\t\t\t\t\t  \t\t\t\t\t\t<\/div>\n  \t\t\t\t\t\t  \t\t\t\t\t<\/div>\n          \t\t\t\t\t<div class=\"box-text text-center\" >\n\t\t\t\t\t<div class=\"box-text-inner blog-post-inner\">\n\n\t\t\t\t\t\n\t\t\t\t\t\t\t\t\t\t<h5 class=\"post-title is-large \">\n\t\t\t\t\t\t<a href=\"https:\/\/www.asten.ee\/lv\/2019\/09\/09\/aasta-suurim-sooduskampaania\/\" class=\"plain\">Aasta suurim sooduskampaania!<\/a>\n\t\t\t\t\t<\/h5>\n\t\t\t\t\t\t\t\t\t\t<div class=\"is-divider\"><\/div>\n\t\t\t\t\t\t\t\t\t\t<p class=\"from_the_blog_excerpt \">\n\t\t\t\t\t\tT\u00f6ine suvine mesindusperiood hakkab l\u00f5pule j\u00f5udma ning on aeg uuendada enda mesinduse seadmeparki. Aitame sellele [...]\t\t\t\t\t<\/p>\n\t\t\t\t\t                    \n\t\t\t\t\t\n\t\t\t\t\t\n\t\t\t\t\t<\/div>\n\t\t\t\t\t<\/div>\n\t\t\t\t\t\t\t\t\t\t\t\t\t\t\t\t<div class=\"badge absolute top post-date badge-outline\">\n\t\t\t\t\t\t\t<div class=\"badge-inner\">\n\t\t\t\t\t\t\t\t<span class=\"post-date-day\">09<\/span><br>\n\t\t\t\t\t\t\t\t<span class=\"post-date-month is-xsmall\">Sep<\/span>\n\t\t\t\t\t\t\t<\/div>\n\t\t\t\t\t\t<\/div>\n\t\t\t\t\t\t\t\t\t<\/div>\n\t\t\t<\/div>\n\t\t<\/div><div class=\"col post-item\" >\n\t\t\t<div class=\"col-inner\">\n\t\t\t\t<div class=\"box box-normal box-text-bottom box-blog-post has-hover\">\n            \t\t\t\t\t<div class=\"box-image\" >\n  \t\t\t\t\t\t<div class=\"image-cover\" style=\"padding-top:56.25%;\">\n\t\t\t\t\t\t\t<a href=\"https:\/\/www.asten.ee\/lv\/2019\/07\/10\/probleemid-probleemid-ehk-tavaline-mesindusaasta\/\" class=\"plain\" aria-label=\"Probleemid probleemid ehk tavaline mesindusaasta\">\n\t\t\t\t\t\t\t\t<img loading=\"lazy\" decoding=\"async\" width=\"300\" height=\"400\" src=\"https:\/\/www.asten.ee\/wp-content\/uploads\/2019\/07\/IMG_0204-scaled-300x400.jpg\" class=\"attachment-medium size-medium wp-post-image\" alt=\"\" srcset=\"https:\/\/www.asten.ee\/wp-content\/uploads\/2019\/07\/IMG_0204-scaled-300x400.jpg 300w, https:\/\/www.asten.ee\/wp-content\/uploads\/2019\/07\/IMG_0204-scaled-600x800.jpg 600w, https:\/\/www.asten.ee\/wp-content\/uploads\/2019\/07\/IMG_0204-scaled-375x500.jpg 375w, https:\/\/www.asten.ee\/wp-content\/uploads\/2019\/07\/IMG_0204-scaled-768x1024.jpg 768w, https:\/\/www.asten.ee\/wp-content\/uploads\/2019\/07\/IMG_0204-scaled-1152x1536.jpg 1152w, https:\/\/www.asten.ee\/wp-content\/uploads\/2019\/07\/IMG_0204-scaled-1536x2048.jpg 1536w, https:\/\/www.asten.ee\/wp-content\/uploads\/2019\/07\/IMG_0204-scaled-1200x1600.jpg 1200w, https:\/\/www.asten.ee\/wp-content\/uploads\/2019\/07\/IMG_0204-scaled.jpg 1920w\" sizes=\"auto, (max-width: 300px) 100vw, 300px\" \/>\t\t\t\t\t\t\t<\/a>\n  \t\t\t\t\t\t\t  \t\t\t\t\t\t\t  \t\t\t\t\t\t<\/div>\n  \t\t\t\t\t\t  \t\t\t\t\t<\/div>\n          \t\t\t\t\t<div class=\"box-text text-center\" >\n\t\t\t\t\t<div class=\"box-text-inner blog-post-inner\">\n\n\t\t\t\t\t\n\t\t\t\t\t\t\t\t\t\t<h5 class=\"post-title is-large \">\n\t\t\t\t\t\t<a href=\"https:\/\/www.asten.ee\/lv\/2019\/07\/10\/probleemid-probleemid-ehk-tavaline-mesindusaasta\/\" class=\"plain\">Probleemid probleemid ehk tavaline mesindusaasta<\/a>\n\t\t\t\t\t<\/h5>\n\t\t\t\t\t\t\t\t\t\t<div class=\"is-divider\"><\/div>\n\t\t\t\t\t\t\t\t\t\t<p class=\"from_the_blog_excerpt \">\n\t\t\t\t\t\tMeie eelmisest blogipostitusest on m\u00f6\u00f6das juba rohkem kui kaks kuud, aga mis siin parata &#8211; [...]\t\t\t\t\t<\/p>\n\t\t\t\t\t                    \n\t\t\t\t\t\n\t\t\t\t\t\n\t\t\t\t\t<\/div>\n\t\t\t\t\t<\/div>\n\t\t\t\t\t\t\t\t\t\t\t\t\t\t\t\t<div class=\"badge absolute top post-date badge-outline\">\n\t\t\t\t\t\t\t<div class=\"badge-inner\">\n\t\t\t\t\t\t\t\t<span class=\"post-date-day\">10<\/span><br>\n\t\t\t\t\t\t\t\t<span class=\"post-date-month is-xsmall\">Jul<\/span>\n\t\t\t\t\t\t\t<\/div>\n\t\t\t\t\t\t<\/div>\n\t\t\t\t\t\t\t\t\t<\/div>\n\t\t\t<\/div>\n\t\t<\/div><div class=\"col post-item\" >\n\t\t\t<div class=\"col-inner\">\n\t\t\t\t<div class=\"box box-normal box-text-bottom box-blog-post has-hover\">\n            \t\t\t\t\t<div class=\"box-image\" >\n  \t\t\t\t\t\t<div class=\"image-cover\" style=\"padding-top:56.25%;\">\n\t\t\t\t\t\t\t<a href=\"https:\/\/www.asten.ee\/lv\/2019\/05\/03\/imeline-kevad\/\" class=\"plain\" aria-label=\"Imeline kevad\">\n\t\t\t\t\t\t\t\t<img loading=\"lazy\" decoding=\"async\" width=\"533\" height=\"400\" src=\"https:\/\/www.asten.ee\/wp-content\/uploads\/2019\/05\/59051814_466959057388655_8487788200843018240_n-scaled-533x400.jpg\" class=\"attachment-medium size-medium wp-post-image\" alt=\"\" srcset=\"https:\/\/www.asten.ee\/wp-content\/uploads\/2019\/05\/59051814_466959057388655_8487788200843018240_n-scaled-533x400.jpg 533w, https:\/\/www.asten.ee\/wp-content\/uploads\/2019\/05\/59051814_466959057388655_8487788200843018240_n-scaled-1067x800.jpg 1067w, https:\/\/www.asten.ee\/wp-content\/uploads\/2019\/05\/59051814_466959057388655_8487788200843018240_n-scaled-500x375.jpg 500w, https:\/\/www.asten.ee\/wp-content\/uploads\/2019\/05\/59051814_466959057388655_8487788200843018240_n-scaled-768x576.jpg 768w, https:\/\/www.asten.ee\/wp-content\/uploads\/2019\/05\/59051814_466959057388655_8487788200843018240_n-scaled-1536x1152.jpg 1536w, https:\/\/www.asten.ee\/wp-content\/uploads\/2019\/05\/59051814_466959057388655_8487788200843018240_n-scaled-2048x1536.jpg 2048w, https:\/\/www.asten.ee\/wp-content\/uploads\/2019\/05\/59051814_466959057388655_8487788200843018240_n-scaled-1200x900.jpg 1200w\" sizes=\"auto, (max-width: 533px) 100vw, 533px\" \/>\t\t\t\t\t\t\t<\/a>\n  \t\t\t\t\t\t\t  \t\t\t\t\t\t\t  \t\t\t\t\t\t<\/div>\n  \t\t\t\t\t\t  \t\t\t\t\t<\/div>\n          \t\t\t\t\t<div class=\"box-text text-center\" >\n\t\t\t\t\t<div class=\"box-text-inner blog-post-inner\">\n\n\t\t\t\t\t\n\t\t\t\t\t\t\t\t\t\t<h5 class=\"post-title is-large \">\n\t\t\t\t\t\t<a href=\"https:\/\/www.asten.ee\/lv\/2019\/05\/03\/imeline-kevad\/\" class=\"plain\">Imeline kevad<\/a>\n\t\t\t\t\t<\/h5>\n\t\t\t\t\t\t\t\t\t\t<div class=\"is-divider\"><\/div>\n\t\t\t\t\t\t\t\t\t\t<p class=\"from_the_blog_excerpt \">\n\t\t\t\t\t\tKevad mesilas on n\u00fc\u00fcdseks j\u00f5udnud staadiumisse, et on sobilik teha kokkuv\u00f5tteid talvitusest ja kevadisest mesilasperede [...]\t\t\t\t\t<\/p>\n\t\t\t\t\t                    \n\t\t\t\t\t\n\t\t\t\t\t\n\t\t\t\t\t<\/div>\n\t\t\t\t\t<\/div>\n\t\t\t\t\t\t\t\t\t\t\t\t\t\t\t\t<div class=\"badge absolute top post-date badge-outline\">\n\t\t\t\t\t\t\t<div class=\"badge-inner\">\n\t\t\t\t\t\t\t\t<span class=\"post-date-day\">03<\/span><br>\n\t\t\t\t\t\t\t\t<span class=\"post-date-month is-xsmall\">May<\/span>\n\t\t\t\t\t\t\t<\/div>\n\t\t\t\t\t\t<\/div>\n\t\t\t\t\t\t\t\t\t<\/div>\n\t\t\t<\/div>\n\t\t<\/div><div class=\"col post-item\" >\n\t\t\t<div class=\"col-inner\">\n\t\t\t\t<div class=\"box box-normal box-text-bottom box-blog-post has-hover\">\n            \t\t\t\t\t<div class=\"box-image\" >\n  \t\t\t\t\t\t<div class=\"image-cover\" style=\"padding-top:56.25%;\">\n\t\t\t\t\t\t\t<a href=\"https:\/\/www.asten.ee\/lv\/2019\/04\/07\/tootetutvustus-automaatne-mee-lahtikaanetus-vurritusliin\/\" class=\"plain\" aria-label=\"TOOTETUTVUSTUS: Automaatne mee lahtikaanetus-vurritusliin\">\n\t\t\t\t\t\t\t\t<img loading=\"lazy\" decoding=\"async\" width=\"426\" height=\"400\" src=\"https:\/\/www.asten.ee\/wp-content\/uploads\/2019\/01\/Liin_2-426x400.jpg\" class=\"attachment-medium size-medium wp-post-image\" alt=\"\" srcset=\"https:\/\/www.asten.ee\/wp-content\/uploads\/2019\/01\/Liin_2-426x400.jpg 426w, https:\/\/www.asten.ee\/wp-content\/uploads\/2019\/01\/Liin_2-851x800.jpg 851w, https:\/\/www.asten.ee\/wp-content\/uploads\/2019\/01\/Liin_2-500x470.jpg 500w, https:\/\/www.asten.ee\/wp-content\/uploads\/2019\/01\/Liin_2-768x722.jpg 768w, https:\/\/www.asten.ee\/wp-content\/uploads\/2019\/01\/Liin_2-1200x1128.jpg 1200w, https:\/\/www.asten.ee\/wp-content\/uploads\/2019\/01\/Liin_2.jpg 1500w\" sizes=\"auto, (max-width: 426px) 100vw, 426px\" \/>\t\t\t\t\t\t\t<\/a>\n  \t\t\t\t\t\t\t  \t\t\t\t\t\t\t  \t\t\t\t\t\t<\/div>\n  \t\t\t\t\t\t  \t\t\t\t\t<\/div>\n          \t\t\t\t\t<div class=\"box-text text-center\" >\n\t\t\t\t\t<div class=\"box-text-inner blog-post-inner\">\n\n\t\t\t\t\t\n\t\t\t\t\t\t\t\t\t\t<h5 class=\"post-title is-large \">\n\t\t\t\t\t\t<a href=\"https:\/\/www.asten.ee\/lv\/2019\/04\/07\/tootetutvustus-automaatne-mee-lahtikaanetus-vurritusliin\/\" class=\"plain\">TOOTETUTVUSTUS: Automaatne mee lahtikaanetus-vurritusliin<\/a>\n\t\t\t\t\t<\/h5>\n\t\t\t\t\t\t\t\t\t\t<div class=\"is-divider\"><\/div>\n\t\t\t\t\t\t\t\t\t\t<p class=\"from_the_blog_excerpt \">\n\t\t\t\t\t\tT\u00e4nases blogipostituses teeme esmakordselt p\u00f5hjalikuma tootetutvustuse meie tootevaliku \u00fchest uuemast seadmest &#8211; automaatne mee lahtikaanetus-vurritusliin [...]\t\t\t\t\t<\/p>\n\t\t\t\t\t                    \n\t\t\t\t\t\n\t\t\t\t\t\n\t\t\t\t\t<\/div>\n\t\t\t\t\t<\/div>\n\t\t\t\t\t\t\t\t\t\t\t\t\t\t\t\t<div class=\"badge absolute top post-date badge-outline\">\n\t\t\t\t\t\t\t<div class=\"badge-inner\">\n\t\t\t\t\t\t\t\t<span class=\"post-date-day\">07<\/span><br>\n\t\t\t\t\t\t\t\t<span class=\"post-date-month is-xsmall\">Apr<\/span>\n\t\t\t\t\t\t\t<\/div>\n\t\t\t\t\t\t<\/div>\n\t\t\t\t\t\t\t\t\t<\/div>\n\t\t\t<\/div>\n\t\t<\/div><div class=\"col post-item\" >\n\t\t\t<div class=\"col-inner\">\n\t\t\t\t<div class=\"box box-normal box-text-bottom box-blog-post has-hover\">\n            \t\t\t\t\t<div class=\"box-image\" >\n  \t\t\t\t\t\t<div class=\"image-cover\" style=\"padding-top:56.25%;\">\n\t\t\t\t\t\t\t<a href=\"https:\/\/www.asten.ee\/lv\/2019\/03\/11\/kevade-voi-talve-jatk\/\" class=\"plain\" aria-label=\"Kevade v\u00f5i talve j\u00e4tk..\">\n\t\t\t\t\t\t\t\t<img loading=\"lazy\" decoding=\"async\" width=\"711\" height=\"400\" src=\"https:\/\/www.asten.ee\/wp-content\/uploads\/2019\/03\/kevad-711x400.jpg\" class=\"attachment-medium size-medium wp-post-image\" alt=\"\" srcset=\"https:\/\/www.asten.ee\/wp-content\/uploads\/2019\/03\/kevad-711x400.jpg 711w, https:\/\/www.asten.ee\/wp-content\/uploads\/2019\/03\/kevad-500x281.jpg 500w, https:\/\/www.asten.ee\/wp-content\/uploads\/2019\/03\/kevad-768x432.jpg 768w, https:\/\/www.asten.ee\/wp-content\/uploads\/2019\/03\/kevad.jpg 1080w\" sizes=\"auto, (max-width: 711px) 100vw, 711px\" \/>\t\t\t\t\t\t\t<\/a>\n  \t\t\t\t\t\t\t  \t\t\t\t\t\t\t  \t\t\t\t\t\t<\/div>\n  \t\t\t\t\t\t  \t\t\t\t\t<\/div>\n          \t\t\t\t\t<div class=\"box-text text-center\" >\n\t\t\t\t\t<div class=\"box-text-inner blog-post-inner\">\n\n\t\t\t\t\t\n\t\t\t\t\t\t\t\t\t\t<h5 class=\"post-title is-large \">\n\t\t\t\t\t\t<a href=\"https:\/\/www.asten.ee\/lv\/2019\/03\/11\/kevade-voi-talve-jatk\/\" class=\"plain\">Kevade v\u00f5i talve j\u00e4tk..<\/a>\n\t\t\t\t\t<\/h5>\n\t\t\t\t\t\t\t\t\t\t<div class=\"is-divider\"><\/div>\n\t\t\t\t\t\t\t\t\t\t<p class=\"from_the_blog_excerpt \">\n\t\t\t\t\t\tPuhastuslend Mesindushooajad kipuvad igal aastal olema eriilmelised ja seda ka t\u00e4navu. P\u00e4ikesepaistelistes ja tuulevaiksetes gruppides [...]\t\t\t\t\t<\/p>\n\t\t\t\t\t                    \n\t\t\t\t\t\n\t\t\t\t\t\n\t\t\t\t\t<\/div>\n\t\t\t\t\t<\/div>\n\t\t\t\t\t\t\t\t\t\t\t\t\t\t\t\t<div class=\"badge absolute top post-date badge-outline\">\n\t\t\t\t\t\t\t<div class=\"badge-inner\">\n\t\t\t\t\t\t\t\t<span class=\"post-date-day\">11<\/span><br>\n\t\t\t\t\t\t\t\t<span class=\"post-date-month is-xsmall\">Mar<\/span>\n\t\t\t\t\t\t\t<\/div>\n\t\t\t\t\t\t<\/div>\n\t\t\t\t\t\t\t\t\t<\/div>\n\t\t\t<\/div>\n\t\t<\/div><div class=\"col post-item\" >\n\t\t\t<div class=\"col-inner\">\n\t\t\t\t<div class=\"box box-normal box-text-bottom box-blog-post has-hover\">\n            \t\t\t\t\t<div class=\"box-image\" >\n  \t\t\t\t\t\t<div class=\"image-cover\" style=\"padding-top:56.25%;\">\n\t\t\t\t\t\t\t<a href=\"https:\/\/www.asten.ee\/lv\/2019\/02\/17\/krahv-bergi-nimeline-innovatsioonipreemia\/\" class=\"plain\" aria-label=\"Krahv Bergi nimeline innovatsioonipreemia\">\n\t\t\t\t\t\t\t\t<img loading=\"lazy\" decoding=\"async\" width=\"400\" height=\"226\" src=\"https:\/\/www.asten.ee\/wp-content\/uploads\/2019\/02\/juubelileib-EV100.jpg\" class=\"attachment-medium size-medium wp-post-image\" alt=\"\" \/>\t\t\t\t\t\t\t<\/a>\n  \t\t\t\t\t\t\t  \t\t\t\t\t\t\t  \t\t\t\t\t\t<\/div>\n  \t\t\t\t\t\t  \t\t\t\t\t<\/div>\n          \t\t\t\t\t<div class=\"box-text text-center\" >\n\t\t\t\t\t<div class=\"box-text-inner blog-post-inner\">\n\n\t\t\t\t\t\n\t\t\t\t\t\t\t\t\t\t<h5 class=\"post-title is-large \">\n\t\t\t\t\t\t<a href=\"https:\/\/www.asten.ee\/lv\/2019\/02\/17\/krahv-bergi-nimeline-innovatsioonipreemia\/\" class=\"plain\">Krahv Bergi nimeline innovatsioonipreemia<\/a>\n\t\t\t\t\t<\/h5>\n\t\t\t\t\t\t\t\t\t\t<div class=\"is-divider\"><\/div>\n\t\t\t\t\t\t\t\t\t\t<p class=\"from_the_blog_excerpt \">\n\t\t\t\t\t\tAlates 2017 aastast toimuv innovatsioonipreemia v\u00e4ljaandmine toimus reedel, 15. veebruaril toimus L\u00f5una &#8211; Eestis Sangaste [...]\t\t\t\t\t<\/p>\n\t\t\t\t\t                    \n\t\t\t\t\t\n\t\t\t\t\t\n\t\t\t\t\t<\/div>\n\t\t\t\t\t<\/div>\n\t\t\t\t\t\t\t\t\t\t\t\t\t\t\t\t<div class=\"badge absolute top post-date badge-outline\">\n\t\t\t\t\t\t\t<div class=\"badge-inner\">\n\t\t\t\t\t\t\t\t<span class=\"post-date-day\">17<\/span><br>\n\t\t\t\t\t\t\t\t<span class=\"post-date-month is-xsmall\">Feb<\/span>\n\t\t\t\t\t\t\t<\/div>\n\t\t\t\t\t\t<\/div>\n\t\t\t\t\t\t\t\t\t<\/div>\n\t\t\t<\/div>\n\t\t<\/div><\/div>\n\t\t<\/div>\n\n\t\t\n<style>\n#section_439216899 {\n  padding-top: 30px;\n  padding-bottom: 30px;\n}\n<\/style>\n\t<\/section>\n\t\n<p><\/p>\n<p><\/p>\n<div class=\"container section-title-container\" style=\"margin-top:-38px;margin-bottom:48px;max-width:3000px;\"><h3 class=\"section-title section-title-center\"><b><\/b><span class=\"section-title-main\" style=\"color:rgb(230, 110, 30);\">uudiskiri<\/span><b><\/b><\/h3><\/div>\n<p><\/p>\n<p><\/p>\n\n\t<section class=\"section dark has-mask mask-arrow\" id=\"section_217429066\">\n\t\t<div class=\"section-bg fill\" >\n\t\t\t<img loading=\"lazy\" decoding=\"async\" width=\"1920\" height=\"1280\" src=\"https:\/\/www.asten.ee\/wp-content\/uploads\/2019\/01\/wood-1700562_1920.jpg\" class=\"bg attachment- size-\" alt=\"\" \/>\t\t\t\t\t\t<div class=\"section-bg-overlay absolute fill\"><\/div>\n\t\t\t\n\t<div class=\"is-border\"\n\t\tstyle=\"border-color:rgb(235, 235, 235);border-width:1px 0px 0px 0px;\">\n\t<\/div>\n\n\t\t<\/div>\n\n\t\t\n\n\t\t<div class=\"section-content relative\">\n\t\t\t\n<div class=\"row\"  id=\"row-344492715\">\n\n\t<div id=\"col-356987263\" class=\"col medium-4 small-12 large-4\"  >\n\t\t\t\t<div class=\"col-inner text-shadow-2\"  >\n\t\t\t\n\t\t\t\n<p style=\"text-align: center;\"><strong><span style=\"font-family: Brandon; font-size: 20px;\">Kui soovid, et meie v\u00e4rskemad postitused blogis, tootetutvustused ning k\u00f5ik muu oluline informatsioon Sinuni \u00f5igel ajal j\u00f5uaks, siis liitu meie uudiskirjaga. Saadame aegajalt teavitusi postkasti uutest postitustest ning ei soovi reostada Sinu postkasti.<\/span><\/strong><\/p>\n\t\t<\/div>\n\t\t\t\t\t<\/div>\n\n\t\n\n\t<div id=\"col-147987394\" class=\"col medium-4 small-12 large-4\"  >\n\t\t\t\t<div class=\"col-inner\"  >\n\t\t\t\n\t\t\t\n<div class=\"row\"  id=\"row-848591456\">\n\n\t<div id=\"col-66414112\" class=\"col small-12 large-12\"  >\n\t\t\t\t<div class=\"col-inner\"  >\n\t\t\t\n\t\t\t\n\t\t<\/div>\n\t\t\t\t\t<\/div>\n\n\t\n<\/div>\n\t\t<\/div>\n\t\t\t\t\t<\/div>\n\n\t\n\n\t<div id=\"col-1688990414\" class=\"col medium-4 small-12 large-4\"  >\n\t\t\t\t<div class=\"col-inner\"  >\n\t\t\t\n\t\t\t\n<p><!-- Begin Mailchimp Signup Form --><\/p>\n<p><strong style=\"font-size: 20px;\"><span style=\"font-family: Brandon;\">Liitu meie uudiskirjaga, et olla kursis v\u00e4rskeima informatsiooniga ning uute blogi postitustega!<\/span><\/strong><\/p>\n<div id=\"mc_embed_signup\">\n<form id=\"mc-embedded-subscribe-form\" class=\"validate\" action=\"https:\/\/asten.us14.list-manage.com\/subscribe\/post?u=968c61397fad3e35ccb11ba3a&amp;id=6fa6de541c\" method=\"post\" name=\"mc-embedded-subscribe-form\" novalidate=\"\" target=\"_blank\">\n<div id=\"mc_embed_signup_scroll\">\n<div class=\"mc-field-group\"><label for=\"mce-EMAIL\">E-mail aadress <\/label> <input id=\"mce-EMAIL\" class=\"required email\" name=\"EMAIL\" type=\"email\" value=\"\" \/><\/div>\n<div id=\"mce-responses\" class=\"clear\">\n<div id=\"mce-error-response\" class=\"response\" style=\"display: none;\"><\/div>\n<div id=\"mce-success-response\" class=\"response\" style=\"display: none;\"><\/div>\n<\/div>\n<p><!-- real people should not fill this in and expect good things - do not remove this or risk form bot signups--><\/p>\n<div style=\"position: absolute; left: -5000px;\" aria-hidden=\"true\"><input tabindex=\"-1\" name=\"b_968c61397fad3e35ccb11ba3a_6fa6de541c\" type=\"text\" value=\"\" \/><\/div>\n<div class=\"clear\"><input id=\"mc-embedded-subscribe\" class=\"button\" name=\"subscribe\" type=\"submit\" value=\"Liitu uudiskirjaga\" \/><\/div>\n<\/div>\n<\/form>\n<\/div>\n<p><!--End mc_embed_signup--><\/p>\n\t\t<\/div>\n\t\t\t\t\t<\/div>\n\n\t\n<\/div>\n\t\t<\/div>\n\n\t\t\n<style>\n#section_217429066 {\n  padding-top: 59px;\n  padding-bottom: 59px;\n  margin-bottom: -84px;\n  min-height: 270px;\n  background-color: rgb(255, 255, 255);\n}\n#section_217429066 .section-bg-overlay {\n  background-color: rgba(45, 49, 39, 0.19);\n}\n<\/style>\n\t<\/section>\n\t\n<p><\/p>","protected":false},"excerpt":{"rendered":"","protected":false},"author":1,"featured_media":0,"parent":0,"menu_order":0,"comment_status":"closed","ping_status":"closed","template":"page-blank.php","meta":{"footnotes":""},"class_list":["post-12690","page","type-page","status-publish","hentry"],"_links":{"self":[{"href":"https:\/\/www.asten.ee\/lv\/wp-json\/wp\/v2\/pages\/12690","targetHints":{"allow":["GET"]}}],"collection":[{"href":"https:\/\/www.asten.ee\/lv\/wp-json\/wp\/v2\/pages"}],"about":[{"href":"https:\/\/www.asten.ee\/lv\/wp-json\/wp\/v2\/types\/page"}],"author":[{"embeddable":true,"href":"https:\/\/www.asten.ee\/lv\/wp-json\/wp\/v2\/users\/1"}],"replies":[{"embeddable":true,"href":"https:\/\/www.asten.ee\/lv\/wp-json\/wp\/v2\/comments?post=12690"}],"version-history":[{"count":1,"href":"https:\/\/www.asten.ee\/lv\/wp-json\/wp\/v2\/pages\/12690\/revisions"}],"predecessor-version":[{"id":12695,"href":"https:\/\/www.asten.ee\/lv\/wp-json\/wp\/v2\/pages\/12690\/revisions\/12695"}],"wp:attachment":[{"href":"https:\/\/www.asten.ee\/lv\/wp-json\/wp\/v2\/media?parent=12690"}],"curies":[{"name":"wp","href":"https:\/\/api.w.org\/{rel}","templated":true}]}}