{"id":14099,"date":"2024-01-02T17:05:13","date_gmt":"2024-01-02T17:05:13","guid":{"rendered":"https:\/\/www.asten.ee\/?post_type=product&#038;p=14099"},"modified":"2024-05-29T20:44:28","modified_gmt":"2024-05-29T20:44:28","slug":"medaus-remeliu-atakiavimo-stakles-farrar","status":"publish","type":"product","link":"https:\/\/www.asten.ee\/lt\/mesindusinventar\/tootekategooria\/medaus-remeliu-atakiavimo-stakles-farrar\/","title":{"rendered":"Medaus r\u0117meli\u0173 atakiavimo stakl\u0117s Farrar r\u0117meliui"},"content":{"rendered":"<h2>Surinkimas<\/h2>\n<p>Atakiavimo stakl\u0117s ant atakiavimo stalo tvirtinamos dviem tvirtinimo elementais. Tvirtinimo elementai turi tris tvirtinimo pozicijas priklausomai nuo atakiavimo stalo modelio. Kreipian\u010diosios reguliuoasi nuo 25mm iki 36mm r\u0117melio plo\u010dio.<\/p>\n<p><strong>Pastaba:<\/strong><br \/>\nNeb\u016btina gr\u0119\u017eti skyli\u0173 ant atakiavimo stalo norint pritvirtinti atakiavimo stakles.<\/p>\n<h2>Kori\u0173 atakiavimo stakl\u0117s<\/h2>\n<p>Atakiavimo stakl\u0117s veikia rankiniu b\u016bdu &#8211; id\u0117jus medaus r\u0117mel\u012f tarp kreipian\u010di\u0173j\u0173, sukant ranken\u0105 r\u0117melis stumiamas \u017eemyn link peili\u0173, o su nustumimo rankena atakiuoti r\u0117meliai nustumiami tolyn ant stalo.<\/p>\n<p><strong>Atakiavimo stakli\u0173 privalumai:<\/strong><\/p>\n<ul>\n<li>lengva surinkti ir paruo\u0161ti darbui<\/li>\n<li>lengva dirbti<\/li>\n<li>stakl\u0117s gali atakiuoti nuo 60 iki 100 r\u0117meli\u0173 per valand\u0105.<\/li>\n<li>kompakti\u0161kos<\/li>\n<li>nereikalauja elektros srov\u0117s ar peili\u0173 \u0161ildymo<\/li>\n<\/ul>\n<p><strong>Med\u017eiagos:<\/strong><\/p>\n<ul>\n<li>plastiko dalys pagamintos i\u0161 maistinio paliamido<\/li>\n<li>metalin\u0117s dalys pagamintos i\u0161 ner\u016bdyjan\u010dio plieno<\/li>\n<\/ul>\n<p><strong>Pastaba:<\/strong><\/p>\n<p>Stakl\u0117s skirtos atakiuoti medaus r\u0117melius ne \u017eemesn\u0117je nei 25 laipsni\u0173 \u0161ilumos temperat\u016broje, kurie dar n\u0117ra prad\u0117j\u0119 kristalizuotis.<\/p>\n","protected":false},"excerpt":{"rendered":"<p><span style=\"font-size: 120%;\"><strong><span style=\"font-family: Helvetica;\">Modelis: UMF<\/strong><\/span><br \/>\n(Farrar r\u0117meliui 482X160mm)<\/span><br \/>\n<span style=\"font-family: brandon; font-size: 120%;\">Bitininko pagalbininkas &#8211; rankin\u0117s medaus r\u0117meli\u0173 atakiavimo stakl\u0117s. Tinka r\u0117meliams iki 160mm auk\u0161\u010dio. Stakl\u0117s veikia atakiavimo \u0161akut\u0117s principu, atakiuodamos apie 3mm \u012f g\u012fl\u012f kiekvienoje r\u0117melio pus\u0117je.<\/span><br \/>\n<span style=\"font-size: 140%; color: #ed6e1e;\"><strong>331\u20ac <\/strong> <span style=\"font-size: 80%; color: #808080;\">271\u20ac (be PVM)<\/span><\/span><br \/>\n<a href=\"https:\/\/www.asten.ee\/lt\/paring\/\" class=\"button primary box-shadow-2 box-shadow-5-hover\"  >\n\t\t<span>Si\u0173sti u\u017eklaus\u0105!<\/span>\n\t<\/a>\n\n","protected":false},"featured_media":13835,"template":"","meta":[],"product_brand":[],"product_cat":[314],"product_tag":[],"class_list":{"0":"post-14099","1":"product","2":"type-product","3":"status-publish","4":"has-post-thumbnail","6":"product_cat-atakiavimo-stakles","8":"first","9":"instock","10":"taxable","11":"shipping-taxable","12":"product-type-simple"},"_links":{"self":[{"href":"https:\/\/www.asten.ee\/lt\/wp-json\/wp\/v2\/product\/14099","targetHints":{"allow":["GET"]}}],"collection":[{"href":"https:\/\/www.asten.ee\/lt\/wp-json\/wp\/v2\/product"}],"about":[{"href":"https:\/\/www.asten.ee\/lt\/wp-json\/wp\/v2\/types\/product"}],"wp:featuredmedia":[{"embeddable":true,"href":"https:\/\/www.asten.ee\/lt\/wp-json\/wp\/v2\/media\/13835"}],"wp:attachment":[{"href":"https:\/\/www.asten.ee\/lt\/wp-json\/wp\/v2\/media?parent=14099"}],"wp:term":[{"taxonomy":"product_brand","embeddable":true,"href":"https:\/\/www.asten.ee\/lt\/wp-json\/wp\/v2\/product_brand?post=14099"},{"taxonomy":"product_cat","embeddable":true,"href":"https:\/\/www.asten.ee\/lt\/wp-json\/wp\/v2\/product_cat?post=14099"},{"taxonomy":"product_tag","embeddable":true,"href":"https:\/\/www.asten.ee\/lt\/wp-json\/wp\/v2\/product_tag?post=14099"}],"curies":[{"name":"wp","href":"https:\/\/api.w.org\/{rel}","templated":true}]}}