{"id":11285,"date":"2018-12-24T14:20:27","date_gmt":"2018-12-24T14:20:27","guid":{"rendered":"https:\/\/asten.ee\/product\/vasko-presas-100kg-val\/"},"modified":"2025-01-03T09:34:29","modified_gmt":"2025-01-03T09:34:29","slug":"vasko-presas-100kg-val","status":"publish","type":"product","link":"https:\/\/www.asten.ee\/lt\/mesindusinventar\/tootekategooria\/vasko-presas-100kg-val\/","title":{"rendered":"Va\u0161ko presas 100kg\/val"},"content":{"rendered":"<p><span style=\"font-family: brandon; font-size: 120%;\">Va\u0161ko presas sukurtas tam, kad i\u0161 dangteli\u0173 va\u0161ko i\u0161spaust\u0173 med\u0173 iki paskutinio la\u0161o.<\/span><\/p>\n<p><span style=\"font-family: brandon; font-size: 120%;\">Va\u0161ko presas pritaikytas statyti po atakiavimo stakl\u0117mis, kurias pagamino Asten Honey production &amp; technology<\/span><\/p>\n<p><span style=\"font-family: brandon; font-size: 120%;\">Greitis lengvai reguliuojamas da\u017eni\u0173 keitiklio pagalba iki 8 apsisukim\u0173 per minut\u0119 ir turi atgalinio sukimosi funkcij\u0105<\/span><\/p>\n<p><span style=\"font-family: brandon; font-size: 120%;\">Dalys, kurios kontaktuoja su medumi pagamintos i\u0161 ner\u016bdyjan\u010dio plieno.<\/span><\/p>\n<p><span style=\"font-family: brandon; font-size: 120%;\">Va\u0161ko preso sraigtas pagamintas i\u0161 sustiprinto maisto pramon\u0117je naudojamo plastiko.<\/span><\/p>\n<p><span style=\"font-family: brandon; font-size: 120%;\">R\u0117mas pagamintas i\u0161 metalo ir yra padengtas \u012fbr\u0117\u017eimams atspariais milteliniais da\u017eais.<\/span><\/p>\n","protected":false},"excerpt":{"rendered":"<p><span style=\"font-size: 120%\"><strong><span style=\"font-family: Helvetica\">Modelis: WP100<\/span><\/strong><\/span><br \/>\n<span style=\"font-family: brandon;font-size: 120%\">Va\u0161ko dangteli\u0173 presas, kurio na\u0161umas iki 100kg per valand\u0105 yra geriausias pasirinkimas bitynui siekian\u010diam auk\u0161\u010diausios klas\u0117s efktyvumo medaus sukimo procese! Sukdamasis preso sraigtas i\u0161spaud\u017eia med\u0173 i\u0161 va\u0161ko, kuris i\u0161teka per perforuot\u0105 cilindr\u0105. Remdamiesi ilgamete patirtimi ir m\u016bs\u0173 klient\u0173 atsiliepimais, galime drasiai teigti, kad 100kg\/val va\u0161ko presas yra optimaliausios galios ir na\u0161umo \u012frenginys tiek pradedan\u010diam tiek bitininkui profesionalui.<\/span><br \/>\n<span style=\"font-size: 140%; color: #ed6e1e;\"><strong>3660\u20ac <\/strong> <span style=\"font-size: 80%; color: #808080;\">3000\u20ac (be PVM)<\/span><\/span><br \/>\n<a href=\"https:\/\/www.asten.ee\/lt\/tigupressi-paring-leedu\/\" class=\"button primary box-shadow-2 box-shadow-5-hover\"  >\n\t\t<span>Si\u0173sti u\u017eklaus\u0105!<\/span>\n\t<\/a>\n\n","protected":false},"featured_media":13632,"template":"","meta":[],"product_brand":[],"product_cat":[386],"product_tag":[],"class_list":{"0":"post-11285","1":"product","2":"type-product","3":"status-publish","4":"has-post-thumbnail","6":"product_cat-vasko-presas","7":"product_shipping_class-dpd-lt","9":"first","10":"instock","11":"product-type-simple"},"_links":{"self":[{"href":"https:\/\/www.asten.ee\/lt\/wp-json\/wp\/v2\/product\/11285","targetHints":{"allow":["GET"]}}],"collection":[{"href":"https:\/\/www.asten.ee\/lt\/wp-json\/wp\/v2\/product"}],"about":[{"href":"https:\/\/www.asten.ee\/lt\/wp-json\/wp\/v2\/types\/product"}],"wp:featuredmedia":[{"embeddable":true,"href":"https:\/\/www.asten.ee\/lt\/wp-json\/wp\/v2\/media\/13632"}],"wp:attachment":[{"href":"https:\/\/www.asten.ee\/lt\/wp-json\/wp\/v2\/media?parent=11285"}],"wp:term":[{"taxonomy":"product_brand","embeddable":true,"href":"https:\/\/www.asten.ee\/lt\/wp-json\/wp\/v2\/product_brand?post=11285"},{"taxonomy":"product_cat","embeddable":true,"href":"https:\/\/www.asten.ee\/lt\/wp-json\/wp\/v2\/product_cat?post=11285"},{"taxonomy":"product_tag","embeddable":true,"href":"https:\/\/www.asten.ee\/lt\/wp-json\/wp\/v2\/product_tag?post=11285"}],"curies":[{"name":"wp","href":"https:\/\/api.w.org\/{rel}","templated":true}]}}