{"id":11281,"date":"2018-12-24T15:17:57","date_gmt":"2018-12-24T15:17:57","guid":{"rendered":"https:\/\/asten.ee\/product\/medaus-siurblys-iki-1300kg-val\/"},"modified":"2025-01-03T09:29:05","modified_gmt":"2025-01-03T09:29:05","slug":"medaus-siurblys-iki-1300kg-val","status":"publish","type":"product","link":"https:\/\/www.asten.ee\/lt\/mesindusinventar\/tootekategooria\/medaus-siurblys-iki-1300kg-val\/","title":{"rendered":"Medaus siurblys iki 1300kg\/val"},"content":{"rendered":"<p><span style=\"font-family: brandon; font-size: 120%;\">Medaus siurblio galia siekia iki <strong>1300kg<\/strong> medaus per valand\u0105.<\/span><\/p>\n<p><span style=\"font-family: brandon; font-size: 120%;\">Medaus \u017earnos ant siurblio galo pajungimo skersmuo yra 1 1\/4 &#8222;.<\/span><\/p>\n<p><span style=\"font-family: brandon; font-size: 120%;\">Prie siurblio prijungiamos medaus \u017earnos vidinis skersmuo turi b\u016bti 40mm, o prijungti galai turi b\u016bti u\u017ever\u017eti su u\u017ever\u017e\u0117jais.<\/span><\/p>\n<p><span style=\"font-family: brandon; font-size: 120%;\">Papildomai patogiam ir greitam medaus \u017earn\u0173 prijungimui ir atjungimui nuo siurblio, galite \u012fsigyti ner\u016bdyjan\u010dio plieno greitas jungtis.<\/span><\/p>\n<p><span style=\"font-family: brandon; font-size: 120%;\">Siurblio krumpliara\u010diai ir krumpliaviet\u0117 pagaminti i\u0161 maistinio pramoninio (industrinio) plastiko. Toks plastikas yra ypa\u010d tvirtas ir ilgaam\u017eis.<\/span><\/p>\n<p><span style=\"font-family: brandon; font-size: 120%;\">Medaus siurblio greitis yra reguliuojamas.<\/span><\/p>\n<p><span style=\"font-family: brandon; font-size: 120%;\">Medaus siurblys gali siurbti nefiltruot\u0105 med\u0173 su va\u0161ku.<\/span><\/p>\n<p><span style=\"font-family: brandon; font-size: 120%;\">Korpusas padengtais \u012fbr\u0117\u017eimams atspariais milteliniais da\u017eais.<\/span><\/p>\n","protected":false},"excerpt":{"rendered":"<p><span style=\"font-size: 120%\"><strong><span style=\"font-family: Helvetica\">Modelis: HP1300<\/span><\/strong><\/span><br \/>\n<span style=\"font-family: brandon;font-size: 120%\">Asten medaus siurblys \u2013 nepamainomas ir daug J\u016bs\u0173 fizinio darbo atliekantis \u012frenginys, kai reikia i\u0161pilstyti ar tiesiog perpilti med\u0173 i\u0161 vienos talpos \u012f kit\u0105.<\/span><br \/>\n<span style=\"font-size: 140%; color: #ed6e1e;\"><strong>2318\u20ac <\/strong> <span style=\"font-size: 80%; color: #808080;\">1900\u20ac (be PVM)<\/span><\/span><br \/>\n<a href=\"https:\/\/www.asten.ee\/lt\/meepumba-paring-leedu\/\" class=\"button primary box-shadow-2 box-shadow-5-hover\"  >\n\t\t<span>Si\u0173sti u\u017eklaus\u0105!<\/span>\n\t<\/a>\n\n","protected":false},"featured_media":13465,"template":"","meta":[],"product_brand":[],"product_cat":[377],"product_tag":[],"class_list":{"0":"post-11281","1":"product","2":"type-product","3":"status-publish","4":"has-post-thumbnail","6":"product_cat-medaus-siurblys","7":"product_shipping_class-dpd-lt","9":"first","10":"instock","11":"product-type-simple"},"_links":{"self":[{"href":"https:\/\/www.asten.ee\/lt\/wp-json\/wp\/v2\/product\/11281","targetHints":{"allow":["GET"]}}],"collection":[{"href":"https:\/\/www.asten.ee\/lt\/wp-json\/wp\/v2\/product"}],"about":[{"href":"https:\/\/www.asten.ee\/lt\/wp-json\/wp\/v2\/types\/product"}],"wp:featuredmedia":[{"embeddable":true,"href":"https:\/\/www.asten.ee\/lt\/wp-json\/wp\/v2\/media\/13465"}],"wp:attachment":[{"href":"https:\/\/www.asten.ee\/lt\/wp-json\/wp\/v2\/media?parent=11281"}],"wp:term":[{"taxonomy":"product_brand","embeddable":true,"href":"https:\/\/www.asten.ee\/lt\/wp-json\/wp\/v2\/product_brand?post=11281"},{"taxonomy":"product_cat","embeddable":true,"href":"https:\/\/www.asten.ee\/lt\/wp-json\/wp\/v2\/product_cat?post=11281"},{"taxonomy":"product_tag","embeddable":true,"href":"https:\/\/www.asten.ee\/lt\/wp-json\/wp\/v2\/product_tag?post=11281"}],"curies":[{"name":"wp","href":"https:\/\/api.w.org\/{rel}","templated":true}]}}