{"id":11811,"date":"2022-01-10T06:24:50","date_gmt":"2022-01-10T06:24:50","guid":{"rendered":"https:\/\/asten.ee\/suure-kaanetusmasina-paring-leedu\/"},"modified":"2022-01-14T07:29:48","modified_gmt":"2022-01-14T07:29:48","slug":"suure-kaanetusmasina-paring-leedu","status":"publish","type":"page","link":"https:\/\/www.asten.ee\/lt\/suure-kaanetusmasina-paring-leedu\/","title":{"rendered":"Suure kaanetusmasina p\u00e4ring (Leedu)"},"content":{"rendered":"\n  <div class=\"banner has-hover\" id=\"banner-1462796123\">\n          <div class=\"banner-inner fill\">\n        <div class=\"banner-bg fill\" >\n            <img loading=\"lazy\" decoding=\"async\" width=\"1250\" height=\"433\" src=\"https:\/\/www.asten.ee\/wp-content\/uploads\/2019\/01\/mesindus_2_1.jpg\" class=\"bg attachment-orginal size-orginal\" alt=\"\" \/>                        <div class=\"overlay\"><\/div>            \n\t<div class=\"is-border\"\n\t\tstyle=\"border-width:0 0px 0px 0px;\">\n\t<\/div>\n                    <\/div>\n\t\t\n        <div class=\"banner-layers container\">\n            <div class=\"fill banner-link\"><\/div>            \n   <div id=\"text-box-1013908413\" class=\"text-box banner-layer x5 md-x5 lg-x5 y50 md-y50 lg-y50 res-text\">\n                     <div data-animate=\"fadeInDown\">           <div class=\"text-box-content text box-shadow-4 dark text-shadow-2\">\n              \n\t<div class=\"is-border\"\n\t\tstyle=\"border-radius:20px;border-width:1px 1px 1px 1px;\">\n\t<\/div>\n              <div class=\"text-inner text-center\">\n                  \n<h2><strong><span style=\"font-family: brandon; font-size: 160%;\">U\u017eklausa<\/span><\/strong><\/h2>\n<p><strong><span style=\"font-family: brandon; font-size: 160%;\">Jei m\u016bs\u0173 svetein\u0117je radote J\u016bms patinkant\u012f gamin\u012f ir turite klausim\u0173, para\u0161ykite mums.<\/span><\/strong><\/p>\n              <\/div>\n           <\/div>\n       <\/div>                     \n<style>\n#text-box-1013908413 .text-box-content {\n  background-color: rgba(226, 83, 3, 0.56);\n  border-radius: 20px;\n  font-size: 64%;\n}\n#text-box-1013908413 .text-inner {\n  padding: 30px 30px 30px 30px;\n}\n#text-box-1013908413 {\n  width: 60%;\n}\n@media (min-width:550px) {\n  #text-box-1013908413 {\n    width: 40%;\n  }\n}\n<\/style>\n    <\/div>\n \n        <\/div>\n      <\/div>\n\n            \n<style>\n#banner-1462796123 {\n  padding-top: 325px;\n}\n#banner-1462796123 .overlay {\n  background-color: rgba(0, 0, 0, 0);\n}\n#banner-1462796123 .banner-bg img {\n  object-position: 15% 8%;\n}\n<\/style>\n  <\/div>\n\n\n<div class=\"row\"  id=\"row-1734122336\">\n\n\t<div id=\"col-26000435\" class=\"col medium-2 small-12 large-2\"  >\n\t\t\t\t<div class=\"col-inner\"  >\n\t\t\t\n\t\t\t\n\t\t<\/div>\n\t\t\t\t\t<\/div>\n\n\t\n\n\t<div id=\"col-65553940\" class=\"col medium-8 small-12 large-8\"  >\n\t\t\t\t<div class=\"col-inner\"  >\n\t\t\t\n\t\t\t\n<p style=\"text-align: center;\"><span style=\"font-family: brandon; font-size: 130%;\">U\u017epildykite u\u017eklausos form\u0105, pasirinkite visus J\u016bs dominan\u010dius priedus, jei reikia para\u0161ykite komentar\u0105 ir mes kuo skubiau pateiksime Jums geriausi\u0105 kainos pasi\u016blym\u0105.<\/span><\/p>\n<p style=\"text-align: center;\"><span style=\"font-family: brandon; font-size: 130%;\">Jei J\u016bs pageidaujate savo \u016bkiui individualaus \u012frangos sprendimo, mes laukiame kiekvienos asmeni\u0161kos bitininko u\u017eklausos. Atsi\u017evelgsime \u012f J\u016bs\u0173 specialius norus ir pageidavimus bitininkyst\u0117s \u012frangai bei pateiksime geriausi\u0105 sprendim\u0105.<\/span><\/p>\n\t\t<\/div>\n\t\t\t\t\t<\/div>\n\n\t\n\n\t<div id=\"col-1578519301\" class=\"col medium-2 small-12 large-2\"  >\n\t\t\t\t<div class=\"col-inner\"  >\n\t\t\t\n\t\t\t\n\t\t<\/div>\n\t\t\t\t\t<\/div>\n\n\t\n<\/div>\n<div class=\"is-divider divider clearfix\" style=\"max-width:2000px;height:1px;background-color:rgb(0, 0, 0);\"><\/div>\n<div class=\"row row-large\"  id=\"row-902225818\">\n\n\t<div id=\"col-1806215920\" class=\"col medium-3 small-12 large-3\"  >\n\t\t\t\t<div class=\"col-inner\"  >\n\t\t\t\n\t\t\t\n\t<div class=\"img has-hover x md-x lg-x y md-y lg-y\" id=\"image_435935735\">\n\t\t\t\t\t\t\t\t<div class=\"img-inner dark\" >\n\t\t\t<img loading=\"lazy\" decoding=\"async\" width=\"676\" height=\"800\" src=\"https:\/\/www.asten.ee\/wp-content\/uploads\/2021\/03\/RAV_4664-676x800.jpg\" class=\"attachment-large size-large\" alt=\"\" srcset=\"https:\/\/www.asten.ee\/wp-content\/uploads\/2021\/03\/RAV_4664-676x800.jpg 676w, https:\/\/www.asten.ee\/wp-content\/uploads\/2021\/03\/RAV_4664-338x400.jpg 338w, https:\/\/www.asten.ee\/wp-content\/uploads\/2021\/03\/RAV_4664-423x500.jpg 423w, https:\/\/www.asten.ee\/wp-content\/uploads\/2021\/03\/RAV_4664-768x909.jpg 768w, https:\/\/www.asten.ee\/wp-content\/uploads\/2021\/03\/RAV_4664-1298x1536.jpg 1298w, https:\/\/www.asten.ee\/wp-content\/uploads\/2021\/03\/RAV_4664-1731x2048.jpg 1731w, https:\/\/www.asten.ee\/wp-content\/uploads\/2021\/03\/RAV_4664-1200x1420.jpg 1200w\" sizes=\"auto, (max-width: 676px) 100vw, 676px\" \/>\t\t\t\t\t\t\n\t\t\t\t\t<\/div>\n\t\t\t\t\t\t\t\t\n<style>\n#image_435935735 {\n  width: 100%;\n}\n<\/style>\n\t<\/div>\n\t\n\t\t<\/div>\n\t\t\t\t\t<\/div>\n\n\t\n\n\t<div id=\"col-353040899\" class=\"col medium-5 small-12 large-5\"  >\n\t\t\t\t<div class=\"col-inner\"  >\n\t\t\t\n\t\t\t\n\n<div class=\"wpcf7 no-js\" id=\"wpcf7-f11603-o1\" lang=\"et\" dir=\"ltr\" data-wpcf7-id=\"11603\">\n<div class=\"screen-reader-response\"><p role=\"status\" aria-live=\"polite\" aria-atomic=\"true\"><\/p> <ul><\/ul><\/div>\n<form action=\"\/lt\/wp-json\/wp\/v2\/pages\/11811#wpcf7-f11603-o1\" method=\"post\" class=\"wpcf7-form init\" aria-label=\"Contact form\" novalidate=\"novalidate\" data-status=\"init\">\n<div style=\"display: none;\">\n<input type=\"hidden\" name=\"_wpcf7\" value=\"11603\" \/>\n<input type=\"hidden\" name=\"_wpcf7_version\" value=\"6.0.5\" \/>\n<input type=\"hidden\" name=\"_wpcf7_locale\" value=\"et\" \/>\n<input type=\"hidden\" name=\"_wpcf7_unit_tag\" value=\"wpcf7-f11603-o1\" \/>\n<input type=\"hidden\" name=\"_wpcf7_container_post\" value=\"0\" \/>\n<input type=\"hidden\" name=\"_wpcf7_posted_data_hash\" value=\"\" \/>\n<input type=\"hidden\" name=\"_wpcf7cf_hidden_group_fields\" value=\"[]\" \/>\n<input type=\"hidden\" name=\"_wpcf7cf_hidden_groups\" value=\"[]\" \/>\n<input type=\"hidden\" name=\"_wpcf7cf_visible_groups\" value=\"[]\" \/>\n<input type=\"hidden\" name=\"_wpcf7cf_repeaters\" value=\"[]\" \/>\n<input type=\"hidden\" name=\"_wpcf7cf_steps\" value=\"{}\" \/>\n<input type=\"hidden\" name=\"_wpcf7cf_options\" value=\"{&quot;form_id&quot;:11603,&quot;conditions&quot;:[{&quot;then_field&quot;:&quot;Ettevotevoieraisik&quot;,&quot;and_rules&quot;:[{&quot;if_field&quot;:&quot;radio-547&quot;,&quot;operator&quot;:&quot;equals&quot;,&quot;if_value&quot;:&quot;\\u012emon\\u0117&quot;}]}],&quot;settings&quot;:{&quot;animation&quot;:&quot;yes&quot;,&quot;animation_intime&quot;:200,&quot;animation_outtime&quot;:200,&quot;conditions_ui&quot;:&quot;normal&quot;,&quot;notice_dismissed&quot;:true}}\" \/>\n<input type=\"hidden\" name=\"_wpcf7_recaptcha_response\" value=\"\" \/>\n<\/div>\n<p><label>J\u016bs kreipiat\u0117s kaip \u012fmon\u0117 ar fizinis asmuo?<\/label><br \/>\n<span class=\"wpcf7-form-control-wrap\" data-name=\"radio-547\"><span class=\"wpcf7-form-control wpcf7-radio\"><span class=\"wpcf7-list-item first\"><label><input type=\"radio\" name=\"radio-547\" value=\"\u012emon\u0117\" checked=\"checked\" \/><span class=\"wpcf7-list-item-label\">\u012emon\u0117<\/span><\/label><\/span><span class=\"wpcf7-list-item last\"><label><input type=\"radio\" name=\"radio-547\" value=\"Fizinis asmuo\" \/><span class=\"wpcf7-list-item-label\">Fizinis asmuo<\/span><\/label><\/span><\/span><\/span>\n<\/p>\n<div data-id=\"Ettevotevoieraisik\" data-orig_data_id=\"Ettevotevoieraisik\"  data-class=\"wpcf7cf_group\">\n\t<p><label>\u012emon\u0117 (privaloma)<\/label><br \/>\n<span class=\"wpcf7-form-control-wrap\" data-name=\"company\"><input size=\"40\" maxlength=\"400\" class=\"wpcf7-form-control wpcf7-text wpcf7-validates-as-required\" aria-required=\"true\" aria-invalid=\"false\" value=\"\" type=\"text\" name=\"company\" \/><\/span>\n\t<\/p>\n\t<p><label>\u012emon\u0117s PVM kodas (privaloma)<\/label><br \/>\n<span class=\"wpcf7-form-control-wrap\" data-name=\"registrycode\"><input size=\"40\" maxlength=\"400\" class=\"wpcf7-form-control wpcf7-text wpcf7-validates-as-required\" aria-required=\"true\" aria-invalid=\"false\" value=\"\" type=\"text\" name=\"registrycode\" \/><\/span>\n\t<\/p>\n<\/div>\n<p><label>J\u016bs\u0173 vardas (privaloma)<\/label><br \/>\n<span class=\"wpcf7-form-control-wrap\" data-name=\"your-name\"><input size=\"40\" maxlength=\"400\" class=\"wpcf7-form-control wpcf7-text wpcf7-validates-as-required\" aria-required=\"true\" aria-invalid=\"false\" value=\"\" type=\"text\" name=\"your-name\" \/><\/span>\n<\/p>\n<p><label>J\u016bs\u0173 elektroninio pa\u0161to adresas (privaloma)<\/label><br \/>\n<span class=\"wpcf7-form-control-wrap\" data-name=\"your-email\"><input size=\"40\" maxlength=\"400\" class=\"wpcf7-form-control wpcf7-email wpcf7-validates-as-required wpcf7-text wpcf7-validates-as-email\" aria-required=\"true\" aria-invalid=\"false\" value=\"\" type=\"email\" name=\"your-email\" \/><\/span>\n<\/p>\n<p><label>J\u016bs\u0173 telefono numeris<\/label><br \/>\n<span class=\"wpcf7-form-control-wrap\" data-name=\"tel-698\"><input size=\"40\" maxlength=\"400\" class=\"wpcf7-form-control wpcf7-tel wpcf7-text wpcf7-validates-as-tel\" aria-invalid=\"false\" value=\"\" type=\"tel\" name=\"tel-698\" \/><\/span>\n<\/p>\n<p><label>Naudojamas r\u0117meli\u0173 tipas<\/label>\n<\/p>\n<p><span class=\"wpcf7-form-control-wrap\" data-name=\"frame\"><textarea cols=\"40\" rows=\"10\" maxlength=\"2000\" class=\"wpcf7-form-control wpcf7-textarea\" aria-invalid=\"false\" name=\"frame\"><\/textarea><\/span>\n<\/p>\n<p><label>Elektros srov\u0117<\/label>\n<\/p>\n<p><span class=\"wpcf7-form-control-wrap\" data-name=\"checkbox-545\"><span class=\"wpcf7-form-control wpcf7-checkbox\"><span class=\"wpcf7-list-item first\"><label><input type=\"checkbox\" name=\"checkbox-545[]\" value=\"230V\" \/><span class=\"wpcf7-list-item-label\">230V<\/span><\/label><\/span><span class=\"wpcf7-list-item last\"><label><input type=\"checkbox\" name=\"checkbox-545[]\" value=\"400V\" \/><span class=\"wpcf7-list-item-label\">400V<\/span><\/label><\/span><\/span><\/span>\n<\/p>\n<p><label>Komentarai susij\u0119 su u\u017eklausa<\/label><br \/>\n<span class=\"wpcf7-form-control-wrap\" data-name=\"your-message\"><textarea cols=\"40\" rows=\"10\" maxlength=\"2000\" class=\"wpcf7-form-control wpcf7-textarea\" aria-invalid=\"false\" name=\"your-message\"><\/textarea><\/span>\n<\/p>\n<p><label>Mes su Jumis susieksime artimiausiu metu, pateiksime Jums geriausi\u0105 asmenin\u012f \u012frangos pasi\u016blym\u0105.<\/label><br \/>\n<input class=\"wpcf7-form-control wpcf7-submit has-spinner button\" type=\"submit\" value=\"Si\u0173sti u\u017eklaus\u0105\" \/>\n<\/p><div class=\"wpcf7-response-output\" aria-hidden=\"true\"><\/div>\n<\/form>\n<\/div>\n\n\t\t<\/div>\n\t\t\t\t\t<\/div>\n\n\t\n\n\t<div id=\"col-1721486141\" class=\"col medium-4 small-12 large-4\"  >\n\t\t\t\t<div class=\"col-inner\"  >\n\t\t\t\n\t\t\t\n\t<div class=\"img has-hover x md-x lg-x y md-y lg-y\" id=\"image_1916422399\">\n\t\t\t\t\t\t\t\t<div class=\"img-inner dark\" >\n\t\t\t<img loading=\"lazy\" decoding=\"async\" width=\"827\" height=\"800\" src=\"https:\/\/www.asten.ee\/wp-content\/uploads\/2021\/03\/Lahtikaanetusliin_2-scaled-1200x1161-1-827x800.jpg\" class=\"attachment-large size-large\" alt=\"\" srcset=\"https:\/\/www.asten.ee\/wp-content\/uploads\/2021\/03\/Lahtikaanetusliin_2-scaled-1200x1161-1-827x800.jpg 827w, https:\/\/www.asten.ee\/wp-content\/uploads\/2021\/03\/Lahtikaanetusliin_2-scaled-1200x1161-1-413x400.jpg 413w, https:\/\/www.asten.ee\/wp-content\/uploads\/2021\/03\/Lahtikaanetusliin_2-scaled-1200x1161-1-500x484.jpg 500w, https:\/\/www.asten.ee\/wp-content\/uploads\/2021\/03\/Lahtikaanetusliin_2-scaled-1200x1161-1-768x743.jpg 768w, https:\/\/www.asten.ee\/wp-content\/uploads\/2021\/03\/Lahtikaanetusliin_2-scaled-1200x1161-1.jpg 1200w\" sizes=\"auto, (max-width: 827px) 100vw, 827px\" \/>\t\t\t\t\t\t\n\t\t\t\t\t<\/div>\n\t\t\t\t\t\t\t\t\n<style>\n#image_1916422399 {\n  width: 100%;\n}\n<\/style>\n\t<\/div>\n\t\n\t\t<\/div>\n\t\t\t\t\t<\/div>\n\n\t\n<\/div>\n<div class=\"container section-title-container\" style=\"margin-top:0px;max-width:3000px;\"><h3 class=\"section-title section-title-center\"><b><\/b><span class=\"section-title-main\" style=\"color:rgb(230, 110, 30);\">0<\/span><b><\/b><\/h3><\/div>\n\n\t<section class=\"section\" id=\"section_623757313\">\n\t\t<div class=\"section-bg fill\" >\n\t\t\t<img loading=\"lazy\" decoding=\"async\" width=\"1920\" height=\"1280\" src=\"https:\/\/www.asten.ee\/wp-content\/uploads\/2019\/01\/wood-1700562_1920.jpg\" class=\"bg attachment- size-\" alt=\"\" \/>\t\t\t\t\t\t\n\t\t\t\n\t<div class=\"is-border\"\n\t\tstyle=\"border-color:rgb(235, 235, 235);border-width:1px 0px 0px 0px;\">\n\t<\/div>\n\n\t\t<\/div>\n\n\t\t\n\n\t\t<div class=\"section-content relative\">\n\t\t\t\n<div class=\"row row-large align-middle align-center\"  id=\"row-236190528\">\n\n\t<div id=\"col-505227657\" class=\"col medium-6 small-12 large-6\"  >\n\t\t\t\t<div class=\"col-inner box-shadow-2 box-shadow-5-hover\" style=\"background-color:rgb(255, 255, 255);\" >\n\t\t\t\n\t\t\t\n<p><!-- Begin Mailchimp Signup Form --><\/p>\n<p><span style=\"color: #ed6e1e;\"><strong style=\"font-size: 20px;\"><span style=\"font-family: Brandon;\">Liitu meie uudiskirjaga, et olla kursis v\u00e4rskeima informatsiooniga ning uute blogipostitustega!<\/span><\/strong><\/span><\/p>\n<div id=\"mc_embed_signup\">\n<form id=\"mc-embedded-subscribe-form\" class=\"validate\" action=\"https:\/\/asten.us14.list-manage.com\/subscribe\/post?u=968c61397fad3e35ccb11ba3a&amp;id=6fa6de541c\" method=\"post\" name=\"mc-embedded-subscribe-form\" novalidate=\"\" target=\"_blank\">\n<div id=\"mc_embed_signup_scroll\">\n<div class=\"mc-field-group\"><label for=\"mce-EMAIL\">E-mail aadress <\/label> <input id=\"mce-EMAIL\" class=\"required email\" name=\"EMAIL\" type=\"email\" value=\"\" \/><\/div>\n<div id=\"mce-responses\" class=\"clear\">\n<div id=\"mce-error-response\" class=\"response\" style=\"display: none;\"><\/div>\n<div id=\"mce-success-response\" class=\"response\" style=\"display: none;\"><\/div>\n<\/div>\n<p><!-- real people should not fill this in and expect good things - do not remove this or risk form bot signups--><\/p>\n<div style=\"position: absolute; left: -5000px;\" aria-hidden=\"true\"><input tabindex=\"-1\" name=\"b_968c61397fad3e35ccb11ba3a_6fa6de541c\" type=\"text\" value=\"\" \/><\/div>\n<div class=\"clear\"><input id=\"mc-embedded-subscribe\" class=\"button\" name=\"subscribe\" type=\"submit\" value=\"Liitu uudiskirjaga\" \/><\/div>\n<\/div>\n<\/form>\n<\/div>\n<p><!--End mc_embed_signup--><\/p>\n\t\t<\/div>\n\t\t\t\t\n<style>\n#col-505227657 > .col-inner {\n  padding: 15px 15px 15px 15px;\n}\n<\/style>\n\t<\/div>\n\n\t\n\n\t<div id=\"col-1291313118\" class=\"col medium-6 small-12 large-6\"  >\n\t\t\t\t<div class=\"col-inner text-center\"  >\n\t\t\t\n\t\t\t\n<p><strong><span style=\"font-size: 20px;\"><span style=\"font-family: Brandon; color: #ffffff;\">Kui soovid, et meie v\u00e4rskemad postitused blogis, tootetutvustused ning k\u00f5ik muu oluline informatsioon Sinuni \u00f5igel ajal j\u00f5uaks, siis liitu meie uudiskirjaga. Saadame aegajalt teavitusi postkasti uutest postitustest ning ei soovi reostada Sinu postkasti. <\/span><\/span><\/strong><\/p>\n\t\t<\/div>\n\t\t\t\t\t<\/div>\n\n\t\n<\/div>\n\t\t<\/div>\n\n\t\t\n<style>\n#section_623757313 {\n  padding-top: 59px;\n  padding-bottom: 59px;\n  min-height: 300px;\n  background-color: rgb(240, 240, 240);\n}\n<\/style>\n\t<\/section>\n\t\n","protected":false},"excerpt":{"rendered":"","protected":false},"author":1,"featured_media":0,"parent":0,"menu_order":0,"comment_status":"closed","ping_status":"closed","template":"page-blank.php","meta":{"footnotes":""},"class_list":["post-11811","page","type-page","status-publish","hentry"],"_links":{"self":[{"href":"https:\/\/www.asten.ee\/lt\/wp-json\/wp\/v2\/pages\/11811","targetHints":{"allow":["GET"]}}],"collection":[{"href":"https:\/\/www.asten.ee\/lt\/wp-json\/wp\/v2\/pages"}],"about":[{"href":"https:\/\/www.asten.ee\/lt\/wp-json\/wp\/v2\/types\/page"}],"author":[{"embeddable":true,"href":"https:\/\/www.asten.ee\/lt\/wp-json\/wp\/v2\/users\/1"}],"replies":[{"embeddable":true,"href":"https:\/\/www.asten.ee\/lt\/wp-json\/wp\/v2\/comments?post=11811"}],"version-history":[{"count":3,"href":"https:\/\/www.asten.ee\/lt\/wp-json\/wp\/v2\/pages\/11811\/revisions"}],"predecessor-version":[{"id":11946,"href":"https:\/\/www.asten.ee\/lt\/wp-json\/wp\/v2\/pages\/11811\/revisions\/11946"}],"wp:attachment":[{"href":"https:\/\/www.asten.ee\/lt\/wp-json\/wp\/v2\/media?parent=11811"}],"curies":[{"name":"wp","href":"https:\/\/api.w.org\/{rel}","templated":true}]}}