{"id":11454,"date":"2021-11-15T06:10:07","date_gmt":"2021-11-15T06:10:07","guid":{"rendered":"https:\/\/asten.ee\/?page_id=11454"},"modified":"2022-01-10T05:57:38","modified_gmt":"2022-01-10T05:57:38","slug":"uzklausa","status":"publish","type":"page","link":"https:\/\/www.asten.ee\/lt\/uzklausa\/","title":{"rendered":"U\u017eklaus\u0105"},"content":{"rendered":"\n  <div class=\"banner has-hover\" id=\"banner-504332546\">\n          <div class=\"banner-inner fill\">\n        <div class=\"banner-bg fill\" >\n            <img loading=\"lazy\" decoding=\"async\" width=\"1250\" height=\"433\" src=\"https:\/\/www.asten.ee\/wp-content\/uploads\/2019\/01\/mesindus_2_1.jpg\" class=\"bg attachment-orginal size-orginal\" alt=\"\" \/>                        <div class=\"overlay\"><\/div>            \n\t<div class=\"is-border\"\n\t\tstyle=\"border-width:0 0px 0px 0px;\">\n\t<\/div>\n                    <\/div>\n\t\t\n        <div class=\"banner-layers container\">\n            <div class=\"fill banner-link\"><\/div>            \n   <div id=\"text-box-855700687\" class=\"text-box banner-layer x5 md-x5 lg-x5 y50 md-y50 lg-y50 res-text\">\n                     <div data-animate=\"fadeInDown\">           <div class=\"text-box-content text box-shadow-4 dark text-shadow-2\">\n              \n\t<div class=\"is-border\"\n\t\tstyle=\"border-radius:20px;border-width:1px 1px 1px 1px;\">\n\t<\/div>\n              <div class=\"text-inner text-center\">\n                  \n<h2><strong><span style=\"font-family: brandon; font-size: 160%;\">U\u017eklausa<\/span><\/strong><\/h2>\n<p><strong><span style=\"font-family: brandon; font-size: 160%;\">Jei m\u016bs\u0173 svetein\u0117je radote J\u016bms patinkant\u012f gamin\u012f ir turite klausim\u0173, para\u0161ykite mums.<\/span><\/strong><\/p>\n              <\/div>\n           <\/div>\n       <\/div>                     \n<style>\n#text-box-855700687 .text-box-content {\n  background-color: rgba(226, 83, 3, 0.56);\n  border-radius: 20px;\n  font-size: 64%;\n}\n#text-box-855700687 .text-inner {\n  padding: 30px 30px 30px 30px;\n}\n#text-box-855700687 {\n  width: 60%;\n}\n@media (min-width:550px) {\n  #text-box-855700687 {\n    width: 40%;\n  }\n}\n<\/style>\n    <\/div>\n \n        <\/div>\n      <\/div>\n\n            \n<style>\n#banner-504332546 {\n  padding-top: 325px;\n}\n#banner-504332546 .overlay {\n  background-color: rgba(0, 0, 0, 0);\n}\n#banner-504332546 .banner-bg img {\n  object-position: 15% 8%;\n}\n<\/style>\n  <\/div>\n\n\n<div class=\"row\"  id=\"row-937033731\">\n\n\t<div id=\"col-1404824803\" class=\"col medium-2 small-12 large-2\"  >\n\t\t\t\t<div class=\"col-inner\"  >\n\t\t\t\n\t\t\t\n\t\t<\/div>\n\t\t\t\t\t<\/div>\n\n\t\n\n\t<div id=\"col-44240405\" class=\"col medium-8 small-12 large-8\"  >\n\t\t\t\t<div class=\"col-inner\"  >\n\t\t\t\n\t\t\t\n<p style=\"text-align: center;\"><span style=\"font-family: brandon; font-size: 130%;\">U\u017epildykite u\u017eklausos form\u0105, pasirinkite visus J\u016bs dominan\u010dius priedus, jei reikia para\u0161ykite komentar\u0105 ir mes kuo skubiau pateiksime Jums geriausi\u0105 kainos pasi\u016blym\u0105.<\/span><\/p>\n<p style=\"text-align: center;\"><span style=\"font-family: brandon; font-size: 130%;\">Jei J\u016bs pageidaujate savo \u016bkiui individualaus \u012frangos sprendimo, mes laukiame kiekvienos asmeni\u0161kos bitininko u\u017eklausos. Atsi\u017evelgsime \u012f J\u016bs\u0173 specialius norus ir pageidavimus bitininkyst\u0117s \u012frangai bei pateiksime geriausi\u0105 sprendim\u0105.<\/span><\/p>\n\t\t<\/div>\n\t\t\t\t\t<\/div>\n\n\t\n\n\t<div id=\"col-532838561\" class=\"col medium-2 small-12 large-2\"  >\n\t\t\t\t<div class=\"col-inner\"  >\n\t\t\t\n\t\t\t\n\t\t<\/div>\n\t\t\t\t\t<\/div>\n\n\t\n<\/div>\n<div class=\"is-divider divider clearfix\" style=\"max-width:2000px;height:1px;background-color:rgb(0, 0, 0);\"><\/div>\n<div class=\"row\"  id=\"row-1139576556\">\n\n\t<div id=\"col-537906708\" class=\"col medium-3 small-12 large-3\"  >\n\t\t\t\t<div class=\"col-inner\"  >\n\t\t\t\n\t\t\t\n\t<div class=\"img has-hover x md-x lg-x y md-y lg-y\" id=\"image_175103478\">\n\t\t\t\t\t\t\t\t<div class=\"img-inner dark\" >\n\t\t\t<img loading=\"lazy\" decoding=\"async\" width=\"667\" height=\"800\" src=\"https:\/\/www.asten.ee\/wp-content\/uploads\/2018\/12\/Meepump_1000x1200-667x800.jpg\" class=\"attachment-large size-large\" alt=\"\" srcset=\"https:\/\/www.asten.ee\/wp-content\/uploads\/2018\/12\/Meepump_1000x1200-667x800.jpg 667w, https:\/\/www.asten.ee\/wp-content\/uploads\/2018\/12\/Meepump_1000x1200-333x400.jpg 333w, https:\/\/www.asten.ee\/wp-content\/uploads\/2018\/12\/Meepump_1000x1200-417x500.jpg 417w, https:\/\/www.asten.ee\/wp-content\/uploads\/2018\/12\/Meepump_1000x1200-768x922.jpg 768w, https:\/\/www.asten.ee\/wp-content\/uploads\/2018\/12\/Meepump_1000x1200.jpg 1000w\" sizes=\"auto, (max-width: 667px) 100vw, 667px\" \/>\t\t\t\t\t\t\n\t\t\t\t\t<\/div>\n\t\t\t\t\t\t\t\t\n<style>\n#image_175103478 {\n  width: 70%;\n}\n<\/style>\n\t<\/div>\n\t\n\t<div class=\"img has-hover x md-x lg-x y md-y lg-y\" id=\"image_947415185\">\n\t\t\t\t\t\t\t\t<div class=\"img-inner dark\" >\n\t\t\t<img loading=\"lazy\" decoding=\"async\" width=\"1020\" height=\"685\" src=\"https:\/\/www.asten.ee\/wp-content\/uploads\/2019\/10\/FOM_1913_JPG-1192x800.jpg\" class=\"attachment-large size-large\" alt=\"Oxalic acid vaporizer\" srcset=\"https:\/\/www.asten.ee\/wp-content\/uploads\/2019\/10\/FOM_1913_JPG-1192x800.jpg 1192w, https:\/\/www.asten.ee\/wp-content\/uploads\/2019\/10\/FOM_1913_JPG-1200x806.jpg 1200w, https:\/\/www.asten.ee\/wp-content\/uploads\/2019\/10\/FOM_1913_JPG-596x400.jpg 596w, https:\/\/www.asten.ee\/wp-content\/uploads\/2019\/10\/FOM_1913_JPG-500x336.jpg 500w, https:\/\/www.asten.ee\/wp-content\/uploads\/2019\/10\/FOM_1913_JPG-768x516.jpg 768w, https:\/\/www.asten.ee\/wp-content\/uploads\/2019\/10\/FOM_1913_JPG-1536x1031.jpg 1536w, https:\/\/www.asten.ee\/wp-content\/uploads\/2019\/10\/FOM_1913_JPG.jpg 1795w\" sizes=\"auto, (max-width: 1020px) 100vw, 1020px\" \/>\t\t\t\t\t\t\n\t\t\t\t\t<\/div>\n\t\t\t\t\t\t\t\t\n<style>\n#image_947415185 {\n  width: 75%;\n}\n<\/style>\n\t<\/div>\n\t\n\t<div class=\"img has-hover x md-x lg-x y md-y lg-y\" id=\"image_11418927\">\n\t\t\t\t\t\t\t\t<div class=\"img-inner dark\" >\n\t\t\t<img loading=\"lazy\" decoding=\"async\" width=\"701\" height=\"800\" src=\"https:\/\/www.asten.ee\/wp-content\/uploads\/2019\/01\/Kaanetise_1-701x800.jpg\" class=\"attachment-large size-large\" alt=\"\" srcset=\"https:\/\/www.asten.ee\/wp-content\/uploads\/2019\/01\/Kaanetise_1-701x800.jpg 701w, https:\/\/www.asten.ee\/wp-content\/uploads\/2019\/01\/Kaanetise_1-1200x1370.jpg 1200w, https:\/\/www.asten.ee\/wp-content\/uploads\/2019\/01\/Kaanetise_1-350x400.jpg 350w, https:\/\/www.asten.ee\/wp-content\/uploads\/2019\/01\/Kaanetise_1-438x500.jpg 438w, https:\/\/www.asten.ee\/wp-content\/uploads\/2019\/01\/Kaanetise_1-768x877.jpg 768w, https:\/\/www.asten.ee\/wp-content\/uploads\/2019\/01\/Kaanetise_1.jpg 1314w\" sizes=\"auto, (max-width: 701px) 100vw, 701px\" \/>\t\t\t\t\t\t\n\t\t\t\t\t<\/div>\n\t\t\t\t\t\t\t\t\n<style>\n#image_11418927 {\n  width: 75%;\n}\n<\/style>\n\t<\/div>\n\t\n\t\t<\/div>\n\t\t\t\t\t<\/div>\n\n\t\n\n\t<div id=\"col-436677200\" class=\"col medium-5 small-12 large-5\"  >\n\t\t\t\t<div class=\"col-inner\"  >\n\t\t\t\n\t\t\t\n\n<div class=\"wpcf7 no-js\" id=\"wpcf7-f11453-o1\" lang=\"et\" dir=\"ltr\" data-wpcf7-id=\"11453\">\n<div class=\"screen-reader-response\"><p role=\"status\" aria-live=\"polite\" aria-atomic=\"true\"><\/p> <ul><\/ul><\/div>\n<form action=\"\/lt\/wp-json\/wp\/v2\/pages\/11454#wpcf7-f11453-o1\" method=\"post\" class=\"wpcf7-form init\" aria-label=\"Contact form\" novalidate=\"novalidate\" data-status=\"init\">\n<div style=\"display: none;\">\n<input type=\"hidden\" name=\"_wpcf7\" value=\"11453\" \/>\n<input type=\"hidden\" name=\"_wpcf7_version\" value=\"6.0.5\" \/>\n<input type=\"hidden\" name=\"_wpcf7_locale\" value=\"et\" \/>\n<input type=\"hidden\" name=\"_wpcf7_unit_tag\" value=\"wpcf7-f11453-o1\" \/>\n<input type=\"hidden\" name=\"_wpcf7_container_post\" value=\"0\" \/>\n<input type=\"hidden\" name=\"_wpcf7_posted_data_hash\" value=\"\" \/>\n<input type=\"hidden\" name=\"_wpcf7cf_hidden_group_fields\" value=\"[]\" \/>\n<input type=\"hidden\" name=\"_wpcf7cf_hidden_groups\" value=\"[]\" \/>\n<input type=\"hidden\" name=\"_wpcf7cf_visible_groups\" value=\"[]\" \/>\n<input type=\"hidden\" name=\"_wpcf7cf_repeaters\" value=\"[]\" \/>\n<input type=\"hidden\" name=\"_wpcf7cf_steps\" value=\"{}\" \/>\n<input type=\"hidden\" name=\"_wpcf7cf_options\" value=\"{&quot;form_id&quot;:11453,&quot;conditions&quot;:[],&quot;settings&quot;:{&quot;animation&quot;:&quot;yes&quot;,&quot;animation_intime&quot;:200,&quot;animation_outtime&quot;:200,&quot;conditions_ui&quot;:&quot;normal&quot;,&quot;notice_dismissed&quot;:true}}\" \/>\n<input type=\"hidden\" name=\"_wpcf7_recaptcha_response\" value=\"\" \/>\n<\/div>\n<p><label>Your Name (required)<\/label><br \/>\n<span class=\"wpcf7-form-control-wrap\" data-name=\"your-name\"><input size=\"40\" maxlength=\"400\" class=\"wpcf7-form-control wpcf7-text wpcf7-validates-as-required\" aria-required=\"true\" aria-invalid=\"false\" value=\"\" type=\"text\" name=\"your-name\" \/><\/span>\n<\/p>\n<p><label>Your Email (required)<\/label><br \/>\n<span class=\"wpcf7-form-control-wrap\" data-name=\"your-email\"><input size=\"40\" maxlength=\"400\" class=\"wpcf7-form-control wpcf7-email wpcf7-validates-as-required wpcf7-text wpcf7-validates-as-email\" aria-required=\"true\" aria-invalid=\"false\" value=\"\" type=\"email\" name=\"your-email\" \/><\/span>\n<\/p>\n<p><label>Your phone number (required)<\/label><br \/>\n<span class=\"wpcf7-form-control-wrap\" data-name=\"tel-698\"><input size=\"40\" maxlength=\"400\" class=\"wpcf7-form-control wpcf7-tel wpcf7-text wpcf7-validates-as-tel\" aria-invalid=\"false\" value=\"\" type=\"tel\" name=\"tel-698\" \/><\/span>\n<\/p>\n<p><label>Which products are You interested in?<\/label>\n<\/p>\n<p><span class=\"wpcf7-form-control-wrap\" data-name=\"checkbox-545\"><span class=\"wpcf7-form-control wpcf7-checkbox\"><span class=\"wpcf7-list-item first\"><label><input type=\"checkbox\" name=\"checkbox-545[]\" value=\"Uncapping machine UMD\" \/><span class=\"wpcf7-list-item-label\">Uncapping machine UMD<\/span><\/label><\/span><span class=\"wpcf7-list-item last\"><label><input type=\"checkbox\" name=\"checkbox-545[]\" value=\"Uncapping machine UMF\" \/><span class=\"wpcf7-list-item-label\">Uncapping machine UMF<\/span><\/label><\/span><\/span><\/span>\n<\/p>\n<p><label>Additional comments about inquiry (extras, special requests etc)<\/label><br \/>\n<span class=\"wpcf7-form-control-wrap\" data-name=\"your-message\"><textarea cols=\"40\" rows=\"10\" maxlength=\"2000\" class=\"wpcf7-form-control wpcf7-textarea\" aria-invalid=\"false\" name=\"your-message\"><\/textarea><\/span>\n<\/p>\n<p><label>After submitting an inquiry, we will contact You and prepare the best personal offer for You.<\/label><br \/>\n<input class=\"wpcf7-form-control wpcf7-submit has-spinner button\" type=\"submit\" value=\"Send an inquiry!\" \/>\n<\/p><div class=\"wpcf7-response-output\" aria-hidden=\"true\"><\/div>\n<\/form>\n<\/div>\n\n\t\t<\/div>\n\t\t\t\t\t<\/div>\n\n\t\n<\/div>\n","protected":false},"excerpt":{"rendered":"","protected":false},"author":1,"featured_media":0,"parent":0,"menu_order":0,"comment_status":"closed","ping_status":"closed","template":"page-blank.php","meta":{"footnotes":""},"class_list":["post-11454","page","type-page","status-publish","hentry"],"_links":{"self":[{"href":"https:\/\/www.asten.ee\/lt\/wp-json\/wp\/v2\/pages\/11454","targetHints":{"allow":["GET"]}}],"collection":[{"href":"https:\/\/www.asten.ee\/lt\/wp-json\/wp\/v2\/pages"}],"about":[{"href":"https:\/\/www.asten.ee\/lt\/wp-json\/wp\/v2\/types\/page"}],"author":[{"embeddable":true,"href":"https:\/\/www.asten.ee\/lt\/wp-json\/wp\/v2\/users\/1"}],"replies":[{"embeddable":true,"href":"https:\/\/www.asten.ee\/lt\/wp-json\/wp\/v2\/comments?post=11454"}],"version-history":[{"count":6,"href":"https:\/\/www.asten.ee\/lt\/wp-json\/wp\/v2\/pages\/11454\/revisions"}],"predecessor-version":[{"id":11758,"href":"https:\/\/www.asten.ee\/lt\/wp-json\/wp\/v2\/pages\/11454\/revisions\/11758"}],"wp:attachment":[{"href":"https:\/\/www.asten.ee\/lt\/wp-json\/wp\/v2\/media?parent=11454"}],"curies":[{"name":"wp","href":"https:\/\/api.w.org\/{rel}","templated":true}]}}