{"id":11448,"date":"2021-11-13T12:05:57","date_gmt":"2021-11-13T12:05:57","guid":{"rendered":"https:\/\/asten.ee\/?page_id=11448"},"modified":"2022-01-19T13:43:46","modified_gmt":"2022-01-19T13:43:46","slug":"astovai","status":"publish","type":"page","link":"https:\/\/www.asten.ee\/lt\/astovai\/","title":{"rendered":"Astovai"},"content":{"rendered":"<div class=\"container section-title-container\" style=\"max-width:100%;\"><h3 class=\"section-title section-title-bold-center\"><b><\/b><span class=\"section-title-main\" style=\"color:rgb(230, 110, 30);\"><i class=\"icon-phone\" ><\/i>ASTOVAI<\/span><b><\/b><\/h3><\/div>\n\n\t<section class=\"section\" id=\"section_203068899\">\n\t\t<div class=\"section-bg fill\" >\n\t\t\t\t\t\t\t\t\t\n\t\t\t\n\t<div class=\"is-border\"\n\t\tstyle=\"border-color:rgb(235, 235, 235);border-width:1px 0px 0px 0px;\">\n\t<\/div>\n\n\t\t<\/div>\n\n\t\t\n\n\t\t<div class=\"section-content relative\">\n\t\t\t\n\t<div id=\"text-2975577118\" class=\"text\">\n\t\t\n<p><span style=\"font-size: 120%;\"><strong><span style=\"font-family: brandon;\">Gaukite profesionali\u0105 konsultacij\u0105 apie m\u016bs\u0173 gaminius bei ap\u017ei\u016br\u0117kite juos m\u016bs\u0173 oficialaus atstovo Lietuvoje fizin\u0117je parduotuv\u0117je. Galite \u012fsigyti m\u016bs\u0173 bitininkyst\u0117s \u012frang\u0105 ir gauti profesionali\u0173 patarim\u0173 i\u0161 m\u016bs\u0173 oficialaus atstovo \u0160vedijoje ir Norvegijoje.<\/span><\/strong><\/span><br \/>\n\t\t\n<style>\n#text-2975577118 {\n  text-align: center;\n}\n<\/style>\n\t<\/div>\n\t\n<div class=\"row align-center\"  id=\"row-1906077453\">\n\n\t<div id=\"col-210805551\" class=\"col medium-4 small-12 large-4\"  >\n\t\t\t\t<div class=\"col-inner text-left\"  >\n\t\t\t\n\t\t\t\n<div class=\"container section-title-container JLqJ4b ChMk0b\" ><h3 class=\"section-title section-title-center\"><b><\/b><span class=\"section-title-main\" style=\"font-size:109%;color:rgb(230, 110, 30);\"><i class=\"icon-map-pin-fill\" ><\/i>Lietuva<\/span><b><\/b><\/h3><\/div>\n    <div class=\"box has-hover has-hover box-text-bottom\" >\n\n                  <div class=\"box-image \" style=\"width:80%;\">\n           <div class=\"box-image-inner image-cover\" style=\"border-radius:100%;padding-top:64.25%;\">\n              <img loading=\"lazy\" decoding=\"async\" width=\"120\" height=\"75\" src=\"https:\/\/www.asten.ee\/wp-content\/uploads\/2022\/01\/Viskas_Bitems_logo.png\" class=\"attachment- size-\" alt=\"\" \/>                         <\/div>\n          <\/div>\n         \n          <div class=\"box-text text-center\" >\n                <div class=\"box-text-inner\">\n                  <h4 class=\"uppercase\">\n                    <span class=\"person-name\">Gabriel Mikolajevi\u010d<\/span><br\/>\n                    <span class=\"person-title is-small thin-font op-7\">\n                      MB Viskas Bit\u0117ms                    <\/span>\n                  <\/h4>\n\t\t\t\t\t\n<p><strong><span style=\"font-family: brandon; font-size: 140%;\">+370 699 782 00<\/span><\/strong><\/p>\n<p><strong><span style=\"font-family: brandon; font-size: 140%;\">biuras@viskasbitems.eu<\/span><\/strong><\/p>\n<p><span style=\"color: #3366ff;\"><a style=\"color: #3366ff;\" href=\"http:\/\/www.viskasbitems.eu\"><strong><span style=\"font-family: brandon; font-size: 140%;\">www.viskasbitems.eu<\/span><\/strong><\/a><\/span><\/p>\n<p><strong><span style=\"font-family: brandon; font-size: 140%;\">Ateities g. 10, Vilnius 08303<\/span><\/strong><\/p>\n<p><strong><span style=\"font-family: brandon; font-size: 140%;\">Lietuva<\/span><\/strong><\/p>\n                <\/div>\n          <\/div>\n    <\/div>\n\n\t\n    \n\t\t<\/div>\n\t\t\t\t\t<\/div>\n\n\t\n\n\t<div id=\"col-39286190\" class=\"col medium-4 small-12 large-4\"  >\n\t\t\t\t<div class=\"col-inner text-left\"  >\n\t\t\t\n\t\t\t\n<div class=\"container section-title-container JLqJ4b ChMk0b\" ><h3 class=\"section-title section-title-center\"><b><\/b><span class=\"section-title-main\" style=\"font-size:109%;color:rgb(230, 110, 30);\"><i class=\"icon-map-pin-fill\" ><\/i>\u0160VEDIJA<\/span><b><\/b><\/h3><\/div>\n    <div class=\"box has-hover has-hover box-text-bottom\" >\n\n                  <div class=\"box-image \" style=\"width:80%;\">\n           <div class=\"box-image-inner image-cover\" style=\"border-radius:100%;padding-top:75%;\">\n              <img loading=\"lazy\" decoding=\"async\" width=\"1519\" height=\"1052\" src=\"https:\/\/www.asten.ee\/wp-content\/uploads\/2019\/01\/Untitled-1.jpg\" class=\"attachment- size-\" alt=\"\" srcset=\"https:\/\/www.asten.ee\/wp-content\/uploads\/2019\/01\/Untitled-1.jpg 1519w, https:\/\/www.asten.ee\/wp-content\/uploads\/2019\/01\/Untitled-1-1200x831.jpg 1200w, https:\/\/www.asten.ee\/wp-content\/uploads\/2019\/01\/Untitled-1-578x400.jpg 578w, https:\/\/www.asten.ee\/wp-content\/uploads\/2019\/01\/Untitled-1-1155x800.jpg 1155w, https:\/\/www.asten.ee\/wp-content\/uploads\/2019\/01\/Untitled-1-500x346.jpg 500w, https:\/\/www.asten.ee\/wp-content\/uploads\/2019\/01\/Untitled-1-768x532.jpg 768w\" sizes=\"auto, (max-width: 1519px) 100vw, 1519px\" \/>                         <\/div>\n          <\/div>\n         \n          <div class=\"box-text text-center\" >\n                <div class=\"box-text-inner\">\n                  <h4 class=\"uppercase\">\n                    <span class=\"person-name\">Vincas Ruze<\/span><br\/>\n                    <span class=\"person-title is-small thin-font op-7\">\n                                          <\/span>\n                  <\/h4>\n\t\t\t\t\t\n<p><strong><span style=\"font-family: brandon; font-size: 140%;\">+46 723 16 08 09<\/span><\/strong><\/p>\n<p><strong><span style=\"font-family: brandon; font-size: 140%;\"><a href=\"mailto:info@bivarlden.se\">info@bivarlden.se<\/a><\/span><\/strong><\/p>\n<p><span style=\"color: #3366ff;\"><a style=\"color: #3366ff;\" href=\"http:\/\/www.bivarlden.se\"><strong><span style=\"font-family: brandon; font-size: 140%;\">www.bivarlden.se<\/span><\/strong><\/a><\/span><\/p>\n<p><strong><span style=\"font-family: brandon; font-size: 140%;\">Vagnh\u00e4rad 619 94, Sverige<\/span><\/strong><\/p>\n                <\/div>\n          <\/div>\n    <\/div>\n\n\t\n    \n\t\t<\/div>\n\t\t\t\t\t<\/div>\n\n\t\n\n\t<div id=\"col-1145035573\" class=\"col medium-4 small-12 large-4\"  >\n\t\t\t\t<div class=\"col-inner\"  >\n\t\t\t\n\t\t\t\n<div class=\"container section-title-container JLqJ4b ChMk0b\" ><h3 class=\"section-title section-title-center\"><b><\/b><span class=\"section-title-main\" style=\"font-size:109%;color:rgb(230, 110, 30);\"><i class=\"icon-map-pin-fill\" ><\/i>Norvegija<\/span><b><\/b><\/h3><\/div>\n    <div class=\"box has-hover has-hover box-text-bottom\" >\n\n                  <div class=\"box-image \" style=\"width:80%;\">\n           <div class=\"box-image-inner image-cover\" style=\"border-radius:100%;padding-top:75%;\">\n              <img loading=\"lazy\" decoding=\"async\" width=\"1519\" height=\"1052\" src=\"https:\/\/www.asten.ee\/wp-content\/uploads\/2019\/01\/Untitled-1.jpg\" class=\"attachment- size-\" alt=\"\" srcset=\"https:\/\/www.asten.ee\/wp-content\/uploads\/2019\/01\/Untitled-1.jpg 1519w, https:\/\/www.asten.ee\/wp-content\/uploads\/2019\/01\/Untitled-1-1200x831.jpg 1200w, https:\/\/www.asten.ee\/wp-content\/uploads\/2019\/01\/Untitled-1-578x400.jpg 578w, https:\/\/www.asten.ee\/wp-content\/uploads\/2019\/01\/Untitled-1-1155x800.jpg 1155w, https:\/\/www.asten.ee\/wp-content\/uploads\/2019\/01\/Untitled-1-500x346.jpg 500w, https:\/\/www.asten.ee\/wp-content\/uploads\/2019\/01\/Untitled-1-768x532.jpg 768w\" sizes=\"auto, (max-width: 1519px) 100vw, 1519px\" \/>                         <\/div>\n          <\/div>\n         \n          <div class=\"box-text text-center\" >\n                <div class=\"box-text-inner\">\n                  <h4 class=\"uppercase\">\n                    <span class=\"person-name\">John Strandab\u00f8<\/span><br\/>\n                    <span class=\"person-title is-small thin-font op-7\">\n                      Sales Manager (NO)                    <\/span>\n                  <\/h4>\n\t\t\t\t\t\n<p><strong><span style=\"font-family: brandon; font-size: 140%;\">\u00d8YGARDSBI\u00a0Helles\u00f8yneset 9 5334 Helles\u00f8y Norway<\/span><\/strong><\/p>\n<p><strong><span style=\"font-family: brandon; font-size: 140%;\">+47 9707 5409<\/span><\/strong><\/p>\n<p><strong><span style=\"font-family: brandon; font-size: 140%;\">johnstrandaboe@gmail.com<\/span><\/strong><\/p>\n<p><span style=\"color: #3366ff;\"><a style=\"color: #3366ff;\" href=\"http:\/\/www.oygardsbi.com\"><strong><span style=\"font-family: brandon; font-size: 140%;\">www.oygardsbi.com<\/span><\/strong><\/a><\/span><\/p>\n                <\/div>\n          <\/div>\n    <\/div>\n\n\t\n    \n\t\t<\/div>\n\t\t\t\t\t<\/div>\n\n\t\n<\/div>\n\t\t<\/div>\n\n\t\t\n<style>\n#section_203068899 {\n  padding-top: 60px;\n  padding-bottom: 60px;\n  min-height: 300px;\n  background-color: rgb(245, 245, 245);\n}\n<\/style>\n\t<\/section>\n\t\n","protected":false},"excerpt":{"rendered":"","protected":false},"author":1,"featured_media":0,"parent":0,"menu_order":0,"comment_status":"closed","ping_status":"closed","template":"","meta":{"footnotes":""},"class_list":["post-11448","page","type-page","status-publish","hentry"],"_links":{"self":[{"href":"https:\/\/www.asten.ee\/lt\/wp-json\/wp\/v2\/pages\/11448","targetHints":{"allow":["GET"]}}],"collection":[{"href":"https:\/\/www.asten.ee\/lt\/wp-json\/wp\/v2\/pages"}],"about":[{"href":"https:\/\/www.asten.ee\/lt\/wp-json\/wp\/v2\/types\/page"}],"author":[{"embeddable":true,"href":"https:\/\/www.asten.ee\/lt\/wp-json\/wp\/v2\/users\/1"}],"replies":[{"embeddable":true,"href":"https:\/\/www.asten.ee\/lt\/wp-json\/wp\/v2\/comments?post=11448"}],"version-history":[{"count":12,"href":"https:\/\/www.asten.ee\/lt\/wp-json\/wp\/v2\/pages\/11448\/revisions"}],"predecessor-version":[{"id":12804,"href":"https:\/\/www.asten.ee\/lt\/wp-json\/wp\/v2\/pages\/11448\/revisions\/12804"}],"wp:attachment":[{"href":"https:\/\/www.asten.ee\/lt\/wp-json\/wp\/v2\/media?parent=11448"}],"curies":[{"name":"wp","href":"https:\/\/api.w.org\/{rel}","templated":true}]}}