{"id":11336,"date":"2021-10-19T08:22:42","date_gmt":"2021-10-19T08:22:42","guid":{"rendered":"https:\/\/asten.ee\/?page_id=11336"},"modified":"2021-10-19T08:22:42","modified_gmt":"2021-10-19T08:22:42","slug":"garantija","status":"publish","type":"page","link":"https:\/\/www.asten.ee\/lt\/garantija\/","title":{"rendered":"Garantija"},"content":{"rendered":"<h1><strong><span style=\"color: #ed6e1e; font-family: brandon; font-size: 120%;\">GARANTIJA<\/span><\/strong><\/h1>\n<p><span style=\"font-family: brandon; font-size: 120%;\">Asteni mesindus O\u00dc pagamintai ir parduotai \u012frangai suteikia garantij\u0105 nuo galimai atsiradusi\u0173 konstrukcijos, gamybos ar mechanini\u0173 defekt\u0173, broko. Pasibaigus garantiniam laikotarpiui, pretenzijos apie atsiradusius defektus ar brok\u0105 garantiniu laikotarpiu yra nepriimamos.<\/span><\/p>\n<h3><span style=\"font-size: 120%;\"><strong><span style=\"font-family: brandon; color: #ed6e1e;\">GARANTIJOS PRAD\u017dIA IR TRUKM\u0116.<\/span><\/strong><\/span><\/h3>\n<p><span style=\"font-family: brandon; font-size: 120%;\">Garantija suteikiama:<\/span><\/p>\n<ul>\n<li><span style=\"font-family: brandon; font-size: 120%;\">Elektronikai \u012frenginio valdymo bloko viduje (da\u017enio keitikliams, kontaktoriams, temperat\u016bros valdikliams) \u2013 2 metai (24 m\u0117nesiai)<\/span><\/li>\n<li><span style=\"font-family: brandon; font-size: 120%;\">Sumontuotiems varikliams, pavaroms ir reduktoriams \u2013 2 metai (24 m\u0117nesiai)<\/span><\/li>\n<li><span style=\"font-family: brandon; font-size: 120%;\">\u012erenginio konstrukcijos detal\u0117ms ir suvirinimams \u2013 5 metai (60 m\u0117nesi\u0173)<\/span><\/li>\n<\/ul>\n<p><span style=\"font-family: brandon; font-size: 120%;\">Garantijos terminas prasideda nuo perdavimo pri\u0117mimo akto pasira\u0161ymo momento.<\/span><\/p>\n<p><span style=\"font-family: brandon; font-size: 120%;\">Garantija taikoma pirk\u0117jui \/ naudotojui, kuriam \u012franga buvo parduota.<\/span><\/p>\n<p><span style=\"font-family: brandon; font-size: 120%;\">Klientas kreipdamasis d\u0117l garantijos privalo pateikti dokument\u0105 (perdavimo pri\u0117mimo akt\u0105 arba serijos numer\u012f ant gaminio CE \u017eenklo) \u012frodant\u012f, kad gaminiui yra galiojanti garantija.<\/span><\/p>\n<h3><span style=\"color: #ed6e1e;\"><strong><span style=\"font-family: brandon; font-size: 120%;\">GARANTIJOS TAIKYMAS<\/span><\/strong><\/span><\/h3>\n<p><span style=\"font-family: brandon; font-size: 120%;\">Garantija apima i\u0161laidas, patirtas taisant konstrukcijos, gamybos ir mechaninius \u012frangos defektus, nustatytus \u201eAsteni Mesindus O\u00dc\u201c garantiniu laikotarpiu.<\/span><\/p>\n<p><span style=\"font-family: brandon; font-size: 120%;\">Min\u0117tus gedimus gali pa\u0161alinti tik Asteni Mesindus O\u00dc arba \u012fgaliotos technin\u0117s prie\u017ei\u016bros \u012fmon\u0117s \u012fgaliotas asmuo ir po remonto \u012fjungti \u012frengin\u012f.<\/span><\/p>\n<p><span style=\"font-family: brandon; font-size: 120%;\">Pagal garantij\u0105 pakeistos dalys ir detal\u0117s yra \u201eAsteni Mesindus O\u00dc\u201c nuosavyb\u0117 ir gali b\u016bti pareikalautos gr\u0105\u017eint\u012f. <\/span><\/p>\n<h3><span style=\"color: #ed6e1e;\"><strong><span style=\"font-family: brandon; font-size: 120%;\">GARANTINIS \u012eRANGOS REMONTAS<\/span><\/strong><\/span><\/h3>\n<p><span style=\"font-family: brandon; font-size: 120%;\">Pritvirtinta \u012franga bus remontuojama pas klient\u0105 darbo dienomis nuo pirmadienio iki penktadienio 8.00 &#8211; 16.30 val. Jei klientas nori atlikti garantin\u012f remont\u0105 ne \u012fprastomis darbo valandomis, jis prival\u0117s kompensuoti patirtas papildomas i\u0161laidas.<\/span><\/p>\n<p><span style=\"font-family: brandon; font-size: 120%;\">\u012eranga, kuri yra lengvai transportuojama ir lengvai atjungiama i\u0161 elektros tinklo, Pirk\u0117jas privalo savo l\u0117\u0161omis pristatyti \u012f \u201eAsteni Mesindus O\u00dc\u201c gamykl\u0105. (pvz., talpos, \u012franga su ratukais ar pan.)<\/span><\/p>\n<p><span style=\"font-family: brandon; font-size: 120%;\">Atvykus meistrui, jis turi tur\u0117ti laisv\u0105 pri\u0117jim\u0105 prie \u012frangos.<\/span><\/p>\n<p><span style=\"font-family: brandon; font-size: 120%;\">Suremontuot\u0105 \u012frang\u0105, klientas pasiima i\u0161 gamyklos pats u\u017e savo nuosavas l\u0117\u0161as.<\/span><\/p>\n<h3><span style=\"color: #ed6e1e;\"><strong><span style=\"font-family: brandon; font-size: 120%;\">ATSAKOMYB\u0116S IR GARANTIJOS RIBOJIMAI<\/span><\/strong><\/span><\/h3>\n<p><span style=\"font-family: brandon; font-size: 120%;\">\u0160i garantija galioja, jei prietaisas buvo naudojamas \u012fprastomis s\u0105lygomis ir buvo atid\u017eiai laikomasi naudojimo instrukcij\u0173. Jei laikomasi taisykl\u0117se nurodyt\u0173 s\u0105lyg\u0173, \u201eAsteni Mesindus O\u00dc\u201c yra atsakinga u\u017e garantinius \u012fvykius.<\/span><\/p>\n<p><span style=\"font-family: brandon; font-size: 120%;\">Garantija neapima nuostoli\u0173, kuriuos gali sukelti prietaiso defektas, \u012fskaitant \u017eal\u0105 asmeniniam ir\/ar kitam turtui, pajam\u0173 praradim\u0105, u\u017e sugadint\u0105 produkcij\u0105 ir\/ar kitus padarinius ar kitus nuostolius.<\/span><\/p>\n<p><span style=\"font-family: brandon; font-size: 120%;\">Garantinis remontas neapima reguliarios \u012frangos prie\u017ei\u016bros ir neapima i\u0161laid\u0173, atsiradusi\u0173 d\u0117l \u012frangos naudojimo ir prie\u017ei\u016bros taisykli\u0173 nesilaikymo. <\/span><\/p>\n<h3><span style=\"color: #ed6e1e;\"><strong><span style=\"font-family: brandon; font-size: 120%;\">GARANTIJA ATSIRADUSIEMS GEDIMAMS AR DEFEKTAMS NETAIKOMA JEI\/D\u0116L:<\/span><\/strong><\/span><\/h3>\n<p><span style=\"font-family: brandon; font-size: 120%;\">Prietaisas buvo netinkamai transportuotas, netinkamai keliamas ar perk\u0117liamas ir d\u0117l prietaiso montavimo taisykli\u0173 nesilaikymo (nebent tai atliko Asteni Mesindus O\u00dc \u012fgalioti asmenys)<\/span><\/p>\n<p><span style=\"font-family: brandon; font-size: 120%;\">Aplaidumo naudojantis prietaisu ar naudojimo instrukcij\u0173 ar naudojimo s\u0105lyg\u0173 nesilaikymo.<\/span><\/p>\n<p><span style=\"font-family: brandon; font-size: 120%;\">\u012erenginio perkrovos.<\/span><\/p>\n<p><span style=\"font-family: brandon; font-size: 120%;\">\u012erenginys buvo naudojamas ne pagal jo paskirt\u012f.<\/span><\/p>\n<p><span style=\"font-family: brandon; font-size: 120%;\">Buvo panaudoti netinkami medaus r\u0117mai.<\/span><\/p>\n<p><strong><span style=\"font-family: brandon; font-size: 120%; color: #ed6e1e;\">Nuo Asteni Mesindus O\u00dc nepriklausan\u010dios s\u0105lygos:<\/span><\/strong><\/p>\n<ul>\n<li><span style=\"font-family: brandon; font-size: 120%;\">\u012etampos svyravimai + -5%, esant 220V<\/span><\/li>\n<li><span style=\"font-family: brandon; font-size: 120%;\">\u017daibo i\u0161krova<\/span><\/li>\n<li><span style=\"font-family: brandon; font-size: 120%;\">ugnis<\/span><\/li>\n<li><span style=\"font-family: brandon; font-size: 120%;\">potvynis<\/span><\/li>\n<li><span style=\"font-family: brandon; font-size: 120%;\">vandalizmas<\/span><\/li>\n<li><span style=\"font-family: brandon; font-size: 120%;\">Netinkamos jungtys tarp prietaiso ir laido<\/span><\/li>\n<li><span style=\"font-family: brandon; font-size: 120%;\">Suged\u0119 saugikliai<\/span><\/li>\n<li><span style=\"font-family: brandon; font-size: 120%;\">Prailginimo laidai, kurie yra per ilgi ar\/ir suged\u0119<\/span><\/li>\n<li><span style=\"font-family: brandon; font-size: 120%;\">Kalk\u0117tas vanduo<\/span><\/li>\n<li><span style=\"font-family: brandon; font-size: 120%;\">\u017dala, atsiradusi d\u0117l remonto, prie\u017ei\u016bros ar konstrukcijos pakeitim\u0173, kuriuos atliko neautorizuota remonto \u012fmon\u0117.<\/span><\/li>\n<li><span style=\"font-family: brandon; font-size: 120%;\">Netinkamas prietaiso \u012frengimas ar i\u0161d\u0117stymas naudojimo vietoje, kuris neatitinka montavimo ir naudojimo instrukcij\u0173 arba kitaip yra neteisingas.<\/span><\/li>\n<li><span style=\"font-family: brandon; font-size: 120%;\">Netinkamos \u012frangos laikymo s\u0105lygos (per didel\u0117 dr\u0117gm\u0117 ir neigiama temperat\u016bra sand\u0117liavimo patalpoje)<\/span><\/li>\n<\/ul>\n<h3><span style=\"color: #ed6e1e;\"><strong><span style=\"font-family: brandon; font-size: 120%;\">SMULKIOS KLAIDOS, REGULIAVIMAI, VEIKIMO INSTRUKCIJOS IR \u012eRANGOS PRIEDAI<\/span><\/strong><\/span><\/h3>\n<p><span style=\"font-family: brandon; font-size: 120%;\">Garantija netaikoma:<\/span><\/p>\n<p><span style=\"font-family: brandon; font-size: 120%;\">Pavir\u0161iaus \u012fbr\u0117\u017eimams, kurie yra nereik\u0161mingi prietaiso veikimui.<\/span><\/p>\n<p><span style=\"font-family: brandon; font-size: 120%;\">Reguliavimams, instrukcijoms vietoje, valymui ir atstatymui, parametrams nurodytiems \u012fprastose prietaiso naudojimo instrukcijose.<\/span><\/p>\n<p><span style=\"font-family: brandon; font-size: 120%;\">Pasekm\u0117ms, atsiradusioms atliktam darbui nesilaikant atsargumo ar montavimo taisykli\u0173 montavimo vietoje.<\/span><\/p>\n<p><span style=\"font-family: brandon; font-size: 120%;\">Dalys, kurios gali sul\u016b\u017eti d\u0117l nat\u016bralaus susid\u0117v\u0117jimo, \u012fprasta garantija netaikoma:<\/span><\/p>\n<ul>\n<li><span style=\"font-family: brandon; font-size: 120%;\">\u012esp\u0117jimo lemput\u0117s<\/span><\/li>\n<li><span style=\"font-family: brandon; font-size: 120%;\">Jungtukai ir ranken\u0117l\u0117s<\/span><\/li>\n<li><span style=\"font-family: brandon; font-size: 120%;\">Judan\u010dios plastmasin\u0117s detal\u0117s<\/span><\/li>\n<li><span style=\"font-family: brandon; font-size: 120%;\">\u0161ildytuvai<\/span><\/li>\n<li><span style=\"font-family: brandon; font-size: 120%;\">tarpin\u0117s<\/span><\/li>\n<li><span style=\"font-family: brandon; font-size: 120%;\">gnybtai<\/span><\/li>\n<li><span style=\"font-family: brandon; font-size: 120%;\">spyruokl\u0117s<\/span><\/li>\n<li><span style=\"font-family: brandon; font-size: 120%;\">\u017darn\u0173 sujungimai<\/span><\/li>\n<li><span style=\"font-family: brandon; font-size: 120%;\">guoliai<\/span><\/li>\n<li><span style=\"font-family: brandon; font-size: 120%;\">Guoliaviet\u0117s, laikikliai<\/span><\/li>\n<li><span style=\"font-family: brandon; font-size: 120%;\">\u017earnos<\/span><\/li>\n<li><span style=\"font-family: brandon; font-size: 120%;\">Plastmasiniai dangteliai, u\u017edengimai<\/span><\/li>\n<\/ul>\n","protected":false},"excerpt":{"rendered":"<p>GARANTIJA Asteni mesindus O\u00dc pagamintai ir parduotai \u012frangai suteikia garantij\u0105 nuo galimai atsiradusi\u0173 konstrukcijos, gamybos ar mechanini\u0173 defekt\u0173, broko. Pasibaigus garantiniam laikotarpiui, pretenzijos apie atsiradusius defektus ar brok\u0105 garantiniu laikotarpiu yra nepriimamos. GARANTIJOS PRAD\u017dIA IR TRUKM\u0116. Garantija suteikiama: Elektronikai \u012frenginio valdymo bloko viduje (da\u017enio keitikliams, kontaktoriams, temperat\u016bros valdikliams) \u2013 2 metai (24 m\u0117nesiai) Sumontuotiems varikliams, [&#8230;]\n","protected":false},"author":1,"featured_media":0,"parent":0,"menu_order":0,"comment_status":"closed","ping_status":"closed","template":"","meta":{"footnotes":""},"class_list":["post-11336","page","type-page","status-publish","hentry"],"_links":{"self":[{"href":"https:\/\/www.asten.ee\/lt\/wp-json\/wp\/v2\/pages\/11336","targetHints":{"allow":["GET"]}}],"collection":[{"href":"https:\/\/www.asten.ee\/lt\/wp-json\/wp\/v2\/pages"}],"about":[{"href":"https:\/\/www.asten.ee\/lt\/wp-json\/wp\/v2\/types\/page"}],"author":[{"embeddable":true,"href":"https:\/\/www.asten.ee\/lt\/wp-json\/wp\/v2\/users\/1"}],"replies":[{"embeddable":true,"href":"https:\/\/www.asten.ee\/lt\/wp-json\/wp\/v2\/comments?post=11336"}],"version-history":[{"count":1,"href":"https:\/\/www.asten.ee\/lt\/wp-json\/wp\/v2\/pages\/11336\/revisions"}],"predecessor-version":[{"id":11337,"href":"https:\/\/www.asten.ee\/lt\/wp-json\/wp\/v2\/pages\/11336\/revisions\/11337"}],"wp:attachment":[{"href":"https:\/\/www.asten.ee\/lt\/wp-json\/wp\/v2\/media?parent=11336"}],"curies":[{"name":"wp","href":"https:\/\/api.w.org\/{rel}","templated":true}]}}