{"id":11327,"date":"2021-10-19T08:01:42","date_gmt":"2021-10-19T08:01:42","guid":{"rendered":"https:\/\/asten.ee\/?page_id=11327"},"modified":"2025-01-06T23:22:41","modified_gmt":"2025-01-06T21:22:41","slug":"about-us","status":"publish","type":"page","link":"https:\/\/www.asten.ee\/lt\/about-us\/","title":{"rendered":"Apie \u012fmon\u0119"},"content":{"rendered":"\n  <div class=\"banner has-hover\" id=\"banner-114777929\">\n          <div class=\"banner-inner fill\">\n        <div class=\"banner-bg fill\" >\n            <img loading=\"lazy\" decoding=\"async\" width=\"2000\" height=\"637\" src=\"https:\/\/www.asten.ee\/wp-content\/uploads\/2019\/01\/mesindus_1_2.jpg\" class=\"bg attachment-orginal size-orginal\" alt=\"\" \/>                        <div class=\"overlay\"><\/div>            \n\t<div class=\"is-border\"\n\t\tstyle=\"border-width:1px 1px 1px 1;\">\n\t<\/div>\n                    <\/div>\n\t\t\n        <div class=\"banner-layers container\">\n            <div class=\"fill banner-link\"><\/div>                     <\/div>\n      <\/div>\n\n            \n<style>\n#banner-114777929 {\n  padding-top: 420px;\n  background-color: rgb(237, 110, 30);\n}\n#banner-114777929 .overlay {\n  background-color: rgba(0, 0, 0, 0);\n}\n#banner-114777929 .banner-bg img {\n  object-position: 25% 20%;\n}\n<\/style>\n  <\/div>\n\n <div class=\"container section-title-container\" style=\"margin-top:19px;margin-bottom:-10px;max-width:3000px;\"><h3 class=\"section-title section-title-center\"><b><\/b><span class=\"section-title-main\" style=\"color:rgb(237, 110, 30);\">m\u016bs\u0173 istorija<\/span><b><\/b><\/h3><\/div> \n\t<section class=\"section\" id=\"section_198901788\">\n\t\t<div class=\"section-bg fill\" >\n\t\t\t\t\t\t\t\t\t<div class=\"section-bg-overlay absolute fill\"><\/div>\n\t\t\t\n\n\t\t<\/div>\n\n\t\t\n\n\t\t<div class=\"section-content relative\">\n\t\t\t <div class=\"row row-large align-middle\"  id=\"row-1511686126\"> \n\t<div id=\"col-816730597\" class=\"col medium-6 small-12 large-6\"  >\n\t\t\t\t<div class=\"col-inner text-left\"  >\n\t\t\t\n\t\t\t\n<h2><strong><span style=\"font-family: brandon; font-size: 120%;\">ASTEN HONEY Production &amp; Technology BITYNAS<\/span><\/strong><\/h2>\n<p><span style=\"font-family: brandon; font-size: 120%;\">Bitininkyst\u0117s patirtis m\u016bs\u0173 \u016bkyje buvo perduodama i\u0161 kartos \u012f kart\u0105, o pirmieji aviliai buvo pagaminti ir bit\u0117s apgyvendintos dar 1930 m. Bitininkyst\u0117s \u016bkis \u201eAsten\u201c prad\u0117jo veikti 1990 m. Nuo 2000 m. \u012fmon\u0117 veikia kaip u\u017edara akcin\u0117 bendrov\u0117. 2003 m. buvo baigtas statyti pastatas, atitinkantis Europos reikalavimus ir modernias gamybos s\u0105lygas. Visas medaus gamybos procesas vyksta nuo prad\u017eios iki pabaigos \u2013 nuo sveik\u0173 ir produktyvi\u0173 bi\u010di\u0173 i\u0161laikymo iki gryniausio ir skaniausio medaus pristatymo vartotojui.<\/span> <a href=\"https:\/\/asten.ee\/lt\/medus\/\" class=\"button secondary is-underline\"  style=\"border-radius:99px;\">\n\t\t<span>Skaitykite daugiau apie m\u016bs\u0173 medaus pasisrinkim\u0105<\/span>\n\t<\/a>\n \t\t<\/div>\n\t\t\t\t\t<\/div>\n\n\t \n\t<div id=\"col-1553017117\" class=\"col medium-6 small-12 large-6\"  >\n\t\t\t\t<div class=\"col-inner\"  >\n\t\t\t\n\t\t\t \t<div class=\"img has-hover x md-x lg-x y md-y lg-y\" id=\"image_1910279535\">\n\t\t\t\t\t\t\t\t<div class=\"img-inner dark\" style=\"margin:1px 1px 1px 1;\">\n\t\t\t<img loading=\"lazy\" decoding=\"async\" width=\"800\" height=\"533\" src=\"https:\/\/www.asten.ee\/wp-content\/uploads\/2018\/12\/Mesilahoone.jpg\" class=\"attachment-large size-large\" alt=\"\" srcset=\"https:\/\/www.asten.ee\/wp-content\/uploads\/2018\/12\/Mesilahoone.jpg 800w, https:\/\/www.asten.ee\/wp-content\/uploads\/2018\/12\/Mesilahoone-600x400.jpg 600w, https:\/\/www.asten.ee\/wp-content\/uploads\/2018\/12\/Mesilahoone-500x333.jpg 500w, https:\/\/www.asten.ee\/wp-content\/uploads\/2018\/12\/Mesilahoone-768x512.jpg 768w\" sizes=\"auto, (max-width: 800px) 100vw, 800px\" \/>\t\t\t\t\t\t\n\t\t\t\t\t<\/div>\n\t\t\t\t\t\t\t\t\n<style>\n#image_1910279535 {\n  width: 100%;\n}\n<\/style>\n\t<\/div>\n\t \t\t<\/div>\n\t\t\t\t\t<\/div>\n\n\t <\/div> \t\t<\/div>\n\n\t\t\n<style>\n#section_198901788 {\n  padding-top: 60px;\n  padding-bottom: 60px;\n  background-color: rgb(237, 110, 30);\n}\n#section_198901788 .section-bg-overlay {\n  background-color: rgb(255, 255, 255);\n}\n<\/style>\n\t<\/section>\n\t <div class=\"is-divider divider clearfix\" style=\"margin-top:0.8em;margin-bottom:0.8em;max-width:3000px;height:1px;background-color:rgb(237, 110, 37);\"><\/div> \n\t<section class=\"section\" id=\"section_1856708195\">\n\t\t<div class=\"section-bg fill\" >\n\t\t\t\t\t\t\t\t\t<div class=\"section-bg-overlay absolute fill\"><\/div>\n\t\t\t\n\n\t\t<\/div>\n\n\t\t\n\n\t\t<div class=\"section-content relative\">\n\t\t\t <div class=\"row row-large align-middle\"  id=\"row-1528447719\"> \n\t<div id=\"col-458628245\" class=\"col medium-6 small-12 large-6\"  >\n\t\t\t\t<div class=\"col-inner\"  >\n\t\t\t\n\t\t\t [twenty20 img1=&#8221;522&#8243; img2=&#8221;515&#8243; before=&#8221;Production facility before renovation&#8221; after=&#8221;Production facility after renovation&#8221;] \t\t<\/div>\n\t\t\t\t\t<\/div>\n\n\t \n\t<div id=\"col-992071066\" class=\"col medium-6 small-12 large-6\"  >\n\t\t\t\t<div class=\"col-inner text-left\"  >\n\t\t\t\n\t\t\t\n<h2><strong><span style=\"font-family: brandon; font-size: 120%;\">ASTEN HONEY Production &amp; Technology<\/span><\/strong><\/h2>\n<p><span style=\"font-family: brandon; font-size: 120%;\">Nuo 2012 met\u0173 \u012fmon\u0117 u\u017esiima bitininkyst\u0117s \u012frangos gamyba, teikdama geriausius sprendimus pradedantiesiems ir profesionaliems bitininkams. \u012erang\u0105 ir mechanizmus gamina specialistai, turintys bitininkyst\u0117s \u012frangos gamybos patirties nuo 1994 m. M\u016bs\u0173 profesional\u016bs darbuotojai bitininkams gamina: atakiavimo stakles, va\u0161ko presus, va\u0161ko dangteli\u0173 lydytuvus, medsukius ir daugel\u012f kit\u0173 gamini\u0173, kad bitininkai tur\u0117t\u0173 moderni\u0105 ir patikim\u0105 \u012frang\u0105 j\u0173 bityne visam gyvenimui.<\/span> <a href=\"https:\/\/asten.ee\/lt\/bitininkystes-iranga\/\" class=\"button secondary is-underline\"  style=\"border-radius:99px;\">\n\t\t<span>Susipa\u017einkite su m\u016bs\u0173 bitininkyst\u0117s \u012franga<\/span>\n\t<\/a>\n \t\t<\/div>\n\t\t\t\t\t<\/div>\n\n\t <\/div> \t\t<\/div>\n\n\t\t\n<style>\n#section_1856708195 {\n  padding-top: 60px;\n  padding-bottom: 60px;\n  background-color: rgb(255, 255, 255);\n}\n#section_1856708195 .section-bg-overlay {\n  background-color: rgba(255, 255, 255, 0.85);\n}\n<\/style>\n\t<\/section>\n\t <div class=\"container section-title-container\" style=\"max-width:30000px;\"><h3 class=\"section-title section-title-center\"><b><\/b><span class=\"section-title-main\" style=\"color:rgb(237, 110, 30);\">ASTEN HONEY<\/span><b><\/b><\/h3><\/div> \n\t<section class=\"section\" id=\"section_1942741987\">\n\t\t<div class=\"section-bg fill\" >\n\t\t\t<img loading=\"lazy\" decoding=\"async\" width=\"2000\" height=\"1333\" src=\"https:\/\/www.asten.ee\/wp-content\/uploads\/2019\/01\/meetilgad2.jpg\" class=\"bg attachment- size-\" alt=\"\" \/>\t\t\t\t\t\t\n\t\t\t\n\n\t\t<\/div>\n\n\t\t\n\n\t\t<div class=\"section-content relative\">\n\t\t\t <div class=\"row align-center\"  id=\"row-1507032418\"> \n\t<div id=\"col-1514354655\" class=\"col medium-4 small-12 large-4\"  >\n\t\t\t\t<div class=\"col-inner\"  >\n\t\t\t\n\t\t\t\n<div class=\"float-left width33\">\n<p style=\"text-align: center;\"><span style=\"font-size: 28px;\"><span style=\"color: #ed6e1e; font-family: Brandon;\"><strong>BITYNAS<\/strong> <\/span><\/span><\/p>\n<p style=\"text-align: center;\"><span style=\"font-size: 28px;\"><span style=\"color: #333333; font-family: Brandon;\">P\u00f5hja-P\u00e4rnumaa vald<\/span><\/span><\/p>\n<p style=\"text-align: center;\"><span style=\"font-size: 28px;\"><span style=\"color: #333333; font-family: Brandon;\"> Kurgja<\/span><\/span><\/p>\n<p style=\"text-align: center;\"><span style=\"color: #333333; font-family: Brandon; font-size: 28px;\">P\u00e4rnumaa<\/span><\/p>\n<p style=\"text-align: center;\"><span style=\"color: #333333; font-family: Brandon; font-size: 28px;\"> 87629<\/span><\/p>\n<p style=\"text-align: center;\"><span style=\"color: #333333; font-family: Brandon; font-size: 28px;\">Ardi Asten<\/span><\/p>\n<p style=\"text-align: center;\"><span style=\"color: #333333; font-family: Brandon; font-size: 28px;\">+372 505 1236<\/span><\/p>\n<p style=\"text-align: center;\"><span id=\"cloak5c243e0c0c5fcd760e57fdbcd0532049\" style=\"color: #333333; font-family: Brandon; font-size: 28px;\"><a style=\"color: #333333;\" href=\"mailto:info@asten.ee\">info@asten.ee<\/a><\/span><\/p>\n<\/div>\n\t\t<\/div>\n\t\t\t\t\t<\/div>\n\n\t \n\t<div id=\"col-131570193\" class=\"col medium-4 small-12 large-4\"  >\n\t\t\t\t<div class=\"col-inner\"  >\n\t\t\t\n\t\t\t\n<div class=\"float-left width33\" style=\"text-align: center;\"><span style=\"font-family: brandon; font-size: 190%; color: #ed6e1e;\"><strong>BITININKYST\u0116S \u012eRANGOS GAMYKLA<\/strong><\/span><\/div>\n<div class=\"float-left width33\" style=\"text-align: center;\"><span style=\"font-size: 28px;\"><span style=\"color: #000000;\"><span style=\"font-family: Brandon; color: #333333;\">T\u00fcri-Alliku<\/span><\/span><\/span><\/div>\n<div>\u00a0<\/div>\n<div class=\"float-left width33\" style=\"text-align: center;\"><span style=\"font-family: Brandon; font-size: 28px; color: #333333;\">Allikunurga<\/span><\/div>\n<div>\u00a0<\/div>\n<div class=\"float-left width33\" style=\"text-align: center;\"><span style=\"font-family: Brandon; font-size: 28px; color: #333333;\">J\u00e4rvamaa<\/span><\/div>\n<div>\u00a0<\/div>\n<div class=\"float-left width33\" style=\"text-align: center;\"><span style=\"font-family: Brandon; font-size: 28px; color: #333333;\"><span style=\"font-family: Brandon; color: #333333;\">72232<\/span><\/span><\/div>\n<p style=\"text-align: center;\">\u00a0<\/p>\n<p>&nbsp;<\/p>\n<div class=\"float-left width50\">\n<p style=\"text-align: center;\"><span id=\"cloakc68a8b8cca2aa7a6fcdb15410389a13b\" style=\"color: #333333; font-family: Brandon; font-size: 28px;\"><a style=\"color: #333333;\" href=\"mailto:info@asten.ee\">info@asten.ee<\/a><\/span><\/p>\n<\/div>\n<p>\u00a0 \t\t<\/div>\n\t\t\t\t\t<\/div>\n\n\t <\/div> \t\t<\/div>\n\n\t\t\n<style>\n#section_1942741987 {\n  padding-top: 30px;\n  padding-bottom: 30px;\n}\n<\/style>\n\t<\/section>\n\t","protected":false},"excerpt":{"rendered":"","protected":false},"author":1,"featured_media":0,"parent":0,"menu_order":0,"comment_status":"closed","ping_status":"closed","template":"page-blank.php","meta":{"footnotes":""},"class_list":["post-11327","page","type-page","status-publish","hentry"],"_links":{"self":[{"href":"https:\/\/www.asten.ee\/lt\/wp-json\/wp\/v2\/pages\/11327","targetHints":{"allow":["GET"]}}],"collection":[{"href":"https:\/\/www.asten.ee\/lt\/wp-json\/wp\/v2\/pages"}],"about":[{"href":"https:\/\/www.asten.ee\/lt\/wp-json\/wp\/v2\/types\/page"}],"author":[{"embeddable":true,"href":"https:\/\/www.asten.ee\/lt\/wp-json\/wp\/v2\/users\/1"}],"replies":[{"embeddable":true,"href":"https:\/\/www.asten.ee\/lt\/wp-json\/wp\/v2\/comments?post=11327"}],"version-history":[{"count":9,"href":"https:\/\/www.asten.ee\/lt\/wp-json\/wp\/v2\/pages\/11327\/revisions"}],"predecessor-version":[{"id":14191,"href":"https:\/\/www.asten.ee\/lt\/wp-json\/wp\/v2\/pages\/11327\/revisions\/14191"}],"wp:attachment":[{"href":"https:\/\/www.asten.ee\/lt\/wp-json\/wp\/v2\/media?parent=11327"}],"curies":[{"name":"wp","href":"https:\/\/api.w.org\/{rel}","templated":true}]}}