{"id":11323,"date":"2021-10-18T06:52:17","date_gmt":"2021-10-18T06:52:17","guid":{"rendered":"https:\/\/asten.ee\/?page_id=11323"},"modified":"2021-10-21T13:01:55","modified_gmt":"2021-10-21T13:01:55","slug":"medus","status":"publish","type":"page","link":"https:\/\/www.asten.ee\/lt\/medus\/","title":{"rendered":"Medus"},"content":{"rendered":"\n  <div class=\"banner has-hover\" id=\"banner-1321026566\">\n          <div class=\"banner-inner fill\">\n        <div class=\"banner-bg fill\" >\n            <img loading=\"lazy\" decoding=\"async\" width=\"1080\" height=\"720\" src=\"https:\/\/www.asten.ee\/wp-content\/uploads\/2019\/01\/mesi-1.jpg\" class=\"bg attachment-orginal size-orginal\" alt=\"\" \/>                        <div class=\"overlay\"><\/div>            \n                    <\/div>\n\t\t\n        <div class=\"banner-layers container\">\n            <div class=\"fill banner-link\"><\/div>            \r\n\r\n   <div id=\"text-box-836875665\" class=\"text-box banner-layer x0 md-x0 lg-x0 y75 md-y75 lg-y75 res-text\">\n                                <div class=\"text-box-content text dark\">\n              \n              <div class=\"text-inner text-center\">\n                  \r\n\r\n              <\/div>\n           <\/div>\n                            \n<style>\n#text-box-836875665 {\n  width: 42%;\n}\n#text-box-836875665 .text-box-content {\n  font-size: 100%;\n}\n<\/style>\n    <\/div>\n \r\n\r\n        <\/div>\n      <\/div>\n\n            \n<style>\n#banner-1321026566 {\n  padding-top: 420px;\n  background-color: rgb(255, 255, 255);\n}\n#banner-1321026566 .overlay {\n  background-color: rgba(0, 0, 0, 0);\n}\n#banner-1321026566 .banner-bg img {\n  object-position: 40% 75%;\n}\n<\/style>\n  <\/div>\n\n\r\n<div class=\"container section-title-container\" style=\"margin-bottom:-4px;\"><h3 class=\"section-title section-title-center\"><b><\/b><span class=\"section-title-main\" style=\"color:rgb(237, 110, 30);\">M\u016bs\u0173 medus<\/span><b><\/b><\/h3><\/div>\r\n\r\n<div class=\"row\"  id=\"row-295201786\">\r\n\r\n\n\t<div id=\"col-844750746\" class=\"col small-12 large-12\"  >\n\t\t\t\t<div class=\"col-inner\"  >\n\t\t\t\n\t\t\t\r\n\r\n<span style=\"font-family: brandon; font-size: 120%;\">M\u016bs\u0173 bit\u0117s nektar\u0105 renka nat\u016braliai \u0161variose mi\u0161kingose apylink\u0117se. Mes \u012fsik\u016br\u0119 Kurgja, vienoje gra\u017eiausi\u0173 viet\u0173 Pernu apskrityje. Jakobsonas jau \u012fvertino \u0161ios vietov\u0117s mi\u0161k\u0173 \u0161var\u0105. Tai nat\u016braliai \u0161vari aplinka bit\u0117ms, esanti toli nuo u\u017eter\u0161to miesto oro. Taigi m\u016bs\u0173 medus yra tamsios ir skaidrios spalvos mi\u0161ko medus, turintis stipr\u0173 medaus skon\u012f. Mi\u0161ko medus gali nustebinti \u012fvairiais poj\u016b\u010diais \u2013 susimai\u0161\u0119s \u012fvairi\u0173 mi\u0161ko augal\u0173 medus ir vir\u017ei\u0173 \u017eied\u0173 medus.<\/span>\r\n\r\n\n\t\t<div class=\"tabbed-content\">\n\t\t\t\n\t\t\t<ul class=\"nav nav-line nav-vertical nav-uppercase nav-size-normal nav-left\" role=\"tablist\"><li id=\"tab-vir\u017di\u0172-ir-griki\u0172-medus\" class=\"tab active has-icon\" role=\"presentation\"><a href=\"#tab_vir\u017di\u0172-ir-griki\u0172-medus\" role=\"tab\" aria-selected=\"true\" aria-controls=\"tab_vir\u017di\u0172-ir-griki\u0172-medus\"><span>VIR\u017dI\u0172 IR GRIKI\u0172 MEDUS<\/span><\/a><\/li>\n<li id=\"tab-mi\u0160ko-medus\" class=\"tab has-icon\" role=\"presentation\"><a href=\"#tab_mi\u0160ko-medus\" tabindex=\"-1\" role=\"tab\" aria-selected=\"false\" aria-controls=\"tab_mi\u0160ko-medus\"><span>MI\u0160KO MEDUS<\/span><\/a><\/li>\n<li id=\"tab-kreminis-mi\u0160ko-medus\" class=\"tab has-icon\" role=\"presentation\"><a href=\"#tab_kreminis-mi\u0160ko-medus\" tabindex=\"-1\" role=\"tab\" aria-selected=\"false\" aria-controls=\"tab_kreminis-mi\u0160ko-medus\"><span>KREMINIS MI\u0160KO MEDUS<\/span><\/a><\/li>\n<li id=\"tab-didmenin\u0116-prekyba\" class=\"tab has-icon\" role=\"presentation\"><a href=\"#tab_didmenin\u0116-prekyba\" tabindex=\"-1\" role=\"tab\" aria-selected=\"false\" aria-controls=\"tab_didmenin\u0116-prekyba\"><span>DIDMENIN\u0116 PREKYBA<\/span><\/a><\/li>\n<li id=\"tab-bi\u010di\u0173-pikis,-\u017diedadulk\u0117s-ir-kt.\" class=\"tab has-icon\" role=\"presentation\"><a href=\"#tab_bi\u010di\u0173-pikis,-\u017diedadulk\u0117s-ir-kt.\" tabindex=\"-1\" role=\"tab\" aria-selected=\"false\" aria-controls=\"tab_bi\u010di\u0173-pikis,-\u017diedadulk\u0117s-ir-kt.\"><span>Bi\u010di\u0173 pikis, \u017diedadulk\u0117s ir kt.<\/span><\/a><\/li><\/ul><div class=\"tab-panels\"><div id=\"tab_vir\u017di\u0172-ir-griki\u0172-medus\" class=\"panel active entry-content\" role=\"tabpanel\" aria-labelledby=\"tab-vir\u017di\u0172-ir-griki\u0172-medus\">\r\n\r\n\t<div class=\"box has-hover   has-hover box-push box-text-bottom\" >\n\n\t\t<div class=\"box-image\" style=\"border-radius:12%;\">\n\t\t\t\t\t\t<div class=\"\" >\n\t\t\t\t<img loading=\"lazy\" decoding=\"async\" width=\"1140\" height=\"760\" src=\"https:\/\/www.asten.ee\/wp-content\/uploads\/2018\/12\/JAK15381.jpg\" class=\"attachment- size-\" alt=\"Mesi\" srcset=\"https:\/\/www.asten.ee\/wp-content\/uploads\/2018\/12\/JAK15381.jpg 1140w, https:\/\/www.asten.ee\/wp-content\/uploads\/2018\/12\/JAK15381-600x400.jpg 600w, https:\/\/www.asten.ee\/wp-content\/uploads\/2018\/12\/JAK15381-500x333.jpg 500w, https:\/\/www.asten.ee\/wp-content\/uploads\/2018\/12\/JAK15381-768x512.jpg 768w\" sizes=\"auto, (max-width: 1140px) 100vw, 1140px\" \/>\t\t\t\t\t\t\t\t\t\t\t<\/div>\n\t\t\t\t\t<\/div>\n\n\t\t<div class=\"box-text text-left\" >\n\t\t\t<div class=\"box-text-inner\">\n\t\t\t\t\r\n\r\n<span style=\"font-size: 160%;\"><strong><span style=\"font-family: brandon;\">VIR\u017dI\u0172 IR GRIKI\u0172 MEDUS<\/span><\/strong><\/span>\r\n\r\n<span style=\"font-family: brandon; font-size: 120%;\">Medus daugiausia gaunamas i\u0161 lauk\u0173 ir piev\u0173 augal\u0173, tod\u0117l medui b\u016bdinga tamsi spalva ir stiprus skonis.<\/span>\r\n\r\n<div class=\"container section-title-container\" style=\"max-width:3000px;\"><h3 class=\"section-title section-title-center\"><b><\/b><span class=\"section-title-main\" style=\"font-size:109%;color:rgb(237, 110, 37);\">kaina<\/span><b><\/b><\/h3><\/div>\r\n\r\n\t\n  \n    <div class=\"row  equalize-box large-columns-4 medium-columns-3 small-columns-2 row-small has-shadow row-box-shadow-1 slider row-slider slider-nav-reveal\"  data-flickity-options='{&quot;imagesLoaded&quot;: true, &quot;groupCells&quot;: &quot;100%&quot;, &quot;dragThreshold&quot; : 5, &quot;cellAlign&quot;: &quot;left&quot;,&quot;wrapAround&quot;: true,&quot;prevNextButtons&quot;: true,&quot;percentPosition&quot;: true,&quot;pageDots&quot;: false, &quot;rightToLeft&quot;: false, &quot;autoPlay&quot; : false}' >\n\n  <\/div>\r\n<p style=\"text-align: center;\"><span style=\"font-family: brandon; font-size: 110%;\">500g stiklainiai supakuoti \u012f kartonin\u0119 d\u0117\u017e\u0119, 1 d\u0117\u017eut\u0117je telpa iki 15 stiklaini\u0173.<\/span><\/p>\r\n<div class=\"is-divider divider clearfix\" style=\"max-width:3000px;height:2px;background-color:rgb(237, 110, 37);\"><\/div>\r\n\r\n\t\t\t<\/div>\n\t\t<\/div>\n\t<\/div>\n\t\r\n\r\n<\/div>\n<div id=\"tab_mi\u0160ko-medus\" class=\"panel entry-content\" role=\"tabpanel\" aria-labelledby=\"tab-mi\u0160ko-medus\">\r\n\r\n\t<div class=\"box has-hover   has-hover box-push box-text-bottom\" >\n\n\t\t<div class=\"box-image\" style=\"border-radius:12%;\">\n\t\t\t\t\t\t<div class=\"\" >\n\t\t\t\t<img loading=\"lazy\" decoding=\"async\" width=\"1140\" height=\"760\" src=\"https:\/\/www.asten.ee\/wp-content\/uploads\/2018\/12\/JAK15381.jpg\" class=\"attachment- size-\" alt=\"Mesi\" srcset=\"https:\/\/www.asten.ee\/wp-content\/uploads\/2018\/12\/JAK15381.jpg 1140w, https:\/\/www.asten.ee\/wp-content\/uploads\/2018\/12\/JAK15381-600x400.jpg 600w, https:\/\/www.asten.ee\/wp-content\/uploads\/2018\/12\/JAK15381-500x333.jpg 500w, https:\/\/www.asten.ee\/wp-content\/uploads\/2018\/12\/JAK15381-768x512.jpg 768w\" sizes=\"auto, (max-width: 1140px) 100vw, 1140px\" \/>\t\t\t\t\t\t\t\t\t\t\t<\/div>\n\t\t\t\t\t<\/div>\n\n\t\t<div class=\"box-text text-left\" >\n\t\t\t<div class=\"box-text-inner\">\n\t\t\t\t\r\n\r\n<strong><span style=\"font-family: brandon; font-size: 160%;\">MI\u0160KO MEDUS<\/span><\/strong>\r\n\r\n<span style=\"font-family: brandon; font-size: 120%;\">Medus daugiausia gaunamas i\u0161 mi\u0161ko ir piev\u0173 augal\u0173, tod\u0117l medui b\u016bdinga tamsi spalva ir stiprus skonis.<\/span>\r\n\r\n<div class=\"container section-title-container\" style=\"max-width:3000px;\"><h3 class=\"section-title section-title-center\"><b><\/b><span class=\"section-title-main\" style=\"font-size:109%;color:rgb(237, 110, 37);\">kaina<\/span><b><\/b><\/h3><\/div>\r\n\r\n\t\n  \n    <div class=\"row  equalize-box large-columns-4 medium-columns-3 small-columns-2 row-small has-shadow row-box-shadow-1 slider row-slider slider-nav-reveal\"  data-flickity-options='{&quot;imagesLoaded&quot;: true, &quot;groupCells&quot;: &quot;100%&quot;, &quot;dragThreshold&quot; : 5, &quot;cellAlign&quot;: &quot;left&quot;,&quot;wrapAround&quot;: true,&quot;prevNextButtons&quot;: true,&quot;percentPosition&quot;: true,&quot;pageDots&quot;: false, &quot;rightToLeft&quot;: false, &quot;autoPlay&quot; : false}' >\n\n  <\/div>\r\n<p style=\"text-align: center;\"><span style=\"font-family: brandon; font-size: 110%;\">500g stiklainiai supakuoti \u012f kartonin\u0119 d\u0117\u017e\u0119, 1 d\u0117\u017eut\u0117je telpa iki 15 stiklaini\u0173.<\/span><\/p>\r\n<div class=\"is-divider divider clearfix\" style=\"max-width:3000px;height:2px;background-color:rgb(237, 110, 37);\"><\/div>\r\n\r\n\t\t\t<\/div>\n\t\t<\/div>\n\t<\/div>\n\t\r\n\r\n<\/div>\n<div id=\"tab_kreminis-mi\u0160ko-medus\" class=\"panel entry-content\" role=\"tabpanel\" aria-labelledby=\"tab-kreminis-mi\u0160ko-medus\">\r\n\r\n\t<div class=\"box has-hover   has-hover box-push box-text-bottom\" >\n\n\t\t<div class=\"box-image\" style=\"border-radius:12%;\">\n\t\t\t\t\t\t<div class=\"\" >\n\t\t\t\t<img loading=\"lazy\" decoding=\"async\" width=\"1200\" height=\"800\" src=\"https:\/\/www.asten.ee\/wp-content\/uploads\/2018\/12\/Webp.net-resizeimage-2.jpg\" class=\"attachment- size-\" alt=\"\" srcset=\"https:\/\/www.asten.ee\/wp-content\/uploads\/2018\/12\/Webp.net-resizeimage-2.jpg 1200w, https:\/\/www.asten.ee\/wp-content\/uploads\/2018\/12\/Webp.net-resizeimage-2-600x400.jpg 600w, https:\/\/www.asten.ee\/wp-content\/uploads\/2018\/12\/Webp.net-resizeimage-2-500x333.jpg 500w, https:\/\/www.asten.ee\/wp-content\/uploads\/2018\/12\/Webp.net-resizeimage-2-768x512.jpg 768w\" sizes=\"auto, (max-width: 1200px) 100vw, 1200px\" \/>\t\t\t\t\t\t\t\t\t\t\t<\/div>\n\t\t\t\t\t<\/div>\n\n\t\t<div class=\"box-text text-left\" >\n\t\t\t<div class=\"box-text-inner\">\n\t\t\t\t\r\n\r\n<strong><span style=\"font-family: brandon; font-size: 160%;\">KREMINIS MI\u0160KO MEDUS<\/span><\/strong>\r\n\r\n<span style=\"font-family: brandon; font-size: 120%;\">Nat\u016bralus medus greitai kristalizuojasi. Kai kuri\u0173 augal\u0173 medas gali labai stipriai kristalizuotis, o tai gali b\u016bti nepatogu vartotojui. Kaip sprendim\u0105 si\u016blome kremin\u012f med\u0173, kur\u012f gauname mechani\u0161kai mai\u0161ydami med\u0173, tod\u0117l medus tampa mink\u0161tas. Meduje i\u0161saugomos visos sveiko ir nat\u016bralaus medaus savyb\u0117s.<\/span>\r\n\r\n<div class=\"container section-title-container\" style=\"max-width:3000px;\"><h3 class=\"section-title section-title-center\"><b><\/b><span class=\"section-title-main\" style=\"font-size:109%;color:rgb(237, 110, 37);\">kaina<\/span><b><\/b><\/h3><\/div>\r\n\r\n\t\n  \n    <div class=\"row  equalize-box large-columns-4 medium-columns-3 small-columns-2 row-small has-shadow row-box-shadow-1 slider row-slider slider-nav-reveal\"  data-flickity-options='{&quot;imagesLoaded&quot;: true, &quot;groupCells&quot;: &quot;100%&quot;, &quot;dragThreshold&quot; : 5, &quot;cellAlign&quot;: &quot;left&quot;,&quot;wrapAround&quot;: true,&quot;prevNextButtons&quot;: true,&quot;percentPosition&quot;: true,&quot;pageDots&quot;: false, &quot;rightToLeft&quot;: false, &quot;autoPlay&quot; : false}' >\n\n  <\/div>\r\n<p style=\"text-align: center;\"><span style=\"font-family: brandon; font-size: 110%;\">500g stiklainiai supakuoti \u012f kartonin\u0119 d\u0117\u017e\u0119, 1 d\u0117\u017eut\u0117je telpa iki 15 stiklaini\u0173.<\/span><\/p>\r\n<div class=\"is-divider divider clearfix\" style=\"max-width:3000px;height:2px;background-color:rgb(237, 110, 37);\"><\/div>\r\n\r\n\t\t\t<\/div>\n\t\t<\/div>\n\t<\/div>\n\t\r\n\r\n<\/div>\n<div id=\"tab_didmenin\u0116-prekyba\" class=\"panel entry-content\" role=\"tabpanel\" aria-labelledby=\"tab-didmenin\u0116-prekyba\">\r\n\r\n<div class=\"row\"  id=\"row-1512330790\">\r\n\r\n\n\t<div id=\"col-849392721\" class=\"col medium-6 small-12 large-6\"  >\n\t\t\t\t<div class=\"col-inner\"  >\n\t\t\t\n\t\t\t\r\n\r\n<strong><span style=\"font-family: brandon; font-size: 160%;\">DIDMENIN\u0116 PREKYBA<\/span><\/strong>\r\n\r\n<span style=\"font-family: brandon; font-size: 120%;\">Mes si\u016blome med\u0173 pirkti didmena. D\u0117l kain\u0173 susisiekite su mumis ir pateiksime Jums asmenin\u012f pasi\u016blym\u0105.<\/span>\r\n\r\n\t\t<\/div>\n\t\t\t\t\t<\/div>\n\n\t\r\n\n\t<div id=\"col-617483747\" class=\"col medium-6 small-12 large-6\"  >\n\t\t\t\t<div class=\"col-inner\"  >\n\t\t\t\n\t\t\t\r\n\r\n\t<div class=\"img has-hover x md-x lg-x y md-y lg-y\" id=\"image_1417910180\">\n\t\t\t\t\t\t\t\t<div class=\"img-inner dark\" >\n\t\t\t<img loading=\"lazy\" decoding=\"async\" width=\"1000\" height=\"706\" src=\"https:\/\/www.asten.ee\/wp-content\/uploads\/2019\/01\/shutterstock_1033372894.jpg\" class=\"attachment-original size-original\" alt=\"\" srcset=\"https:\/\/www.asten.ee\/wp-content\/uploads\/2019\/01\/shutterstock_1033372894.jpg 1000w, https:\/\/www.asten.ee\/wp-content\/uploads\/2019\/01\/shutterstock_1033372894-567x400.jpg 567w, https:\/\/www.asten.ee\/wp-content\/uploads\/2019\/01\/shutterstock_1033372894-500x353.jpg 500w, https:\/\/www.asten.ee\/wp-content\/uploads\/2019\/01\/shutterstock_1033372894-768x542.jpg 768w\" sizes=\"auto, (max-width: 1000px) 100vw, 1000px\" \/>\t\t\t\t\t\t\n\t\t\t\t\t<\/div>\n\t\t\t\t\t\t\t\t\n<style>\n#image_1417910180 {\n  width: 100%;\n}\n<\/style>\n\t<\/div>\n\t\r\n\r\n\t\t<\/div>\n\t\t\t\t\t<\/div>\n\n\t\r\n\r\n<\/div>\r\n\r\n<\/div>\n<div id=\"tab_bi\u010di\u0173-pikis,-\u017diedadulk\u0117s-ir-kt.\" class=\"panel entry-content\" role=\"tabpanel\" aria-labelledby=\"tab-bi\u010di\u0173-pikis,-\u017diedadulk\u0117s-ir-kt.\">\r\n\r\n<div class=\"row\"  id=\"row-1101858084\">\r\n\r\n\n\t<div id=\"col-1724850678\" class=\"col medium-6 small-12 large-6\"  >\n\t\t\t\t<div class=\"col-inner\"  >\n\t\t\t\n\t\t\t\r\n\r\n<strong><span style=\"font-family: brandon; font-size: 160%;\">Bi\u010di\u0173 pikis, \u017diedadulk\u0117s ir kt.<\/span><\/strong>\r\n\r\n<span style=\"font-family: brandon; font-size: 120%;\">Si\u016blome plat\u0173 \u012fvairi\u0173 bitininkyst\u0117s produkt\u0173 asortiment\u0105 \u2013 bi\u010di\u0173 pikio, \u017eiedadulki\u0173, korinio medaus ir kt. Nor\u0117dami gauti daugiau informacijos, ra\u0161ykite <a href=\"mailto:info@asten.ee\">info@asten.ee<\/a><\/span>\r\n\r\n\t\t<\/div>\n\t\t\t\t\t<\/div>\n\n\t\r\n\n\t<div id=\"col-100097013\" class=\"col medium-6 small-12 large-6\"  >\n\t\t\t\t<div class=\"col-inner\"  >\n\t\t\t\n\t\t\t\r\n\r\n\t<div class=\"img has-hover x md-x lg-x y md-y lg-y\" id=\"image_1324637444\">\n\t\t\t\t\t\t\t\t<div class=\"img-inner dark\" >\n\t\t\t<img loading=\"lazy\" decoding=\"async\" width=\"603\" height=\"400\" src=\"https:\/\/www.asten.ee\/wp-content\/uploads\/2019\/01\/vceli_pel-603x400.jpg\" class=\"attachment-medium size-medium\" alt=\"\" srcset=\"https:\/\/www.asten.ee\/wp-content\/uploads\/2019\/01\/vceli_pel-603x400.jpg 603w, https:\/\/www.asten.ee\/wp-content\/uploads\/2019\/01\/vceli_pel-500x332.jpg 500w, https:\/\/www.asten.ee\/wp-content\/uploads\/2019\/01\/vceli_pel-768x510.jpg 768w, https:\/\/www.asten.ee\/wp-content\/uploads\/2019\/01\/vceli_pel.jpg 800w\" sizes=\"auto, (max-width: 603px) 100vw, 603px\" \/>\t\t\t\t\t\t\n\t\t\t\t\t<\/div>\n\t\t\t\t\t\t\t\t\n<style>\n#image_1324637444 {\n  width: 100%;\n}\n<\/style>\n\t<\/div>\n\t\r\n\r\n\t\t<\/div>\n\t\t\t\t\t<\/div>\n\n\t\r\n\r\n<\/div>\r\n\r\n<\/div><\/div><\/div>\r\n\r\n\t\t<\/div>\n\t\t\t\t\t<\/div>\n\n\t\r\n\r\n<\/div><!-- \/wp:post-content -->","protected":false},"excerpt":{"rendered":"","protected":false},"author":1,"featured_media":11324,"parent":0,"menu_order":0,"comment_status":"closed","ping_status":"closed","template":"page-blank.php","meta":{"footnotes":""},"class_list":["post-11323","page","type-page","status-publish","has-post-thumbnail","hentry"],"_links":{"self":[{"href":"https:\/\/www.asten.ee\/lt\/wp-json\/wp\/v2\/pages\/11323","targetHints":{"allow":["GET"]}}],"collection":[{"href":"https:\/\/www.asten.ee\/lt\/wp-json\/wp\/v2\/pages"}],"about":[{"href":"https:\/\/www.asten.ee\/lt\/wp-json\/wp\/v2\/types\/page"}],"author":[{"embeddable":true,"href":"https:\/\/www.asten.ee\/lt\/wp-json\/wp\/v2\/users\/1"}],"replies":[{"embeddable":true,"href":"https:\/\/www.asten.ee\/lt\/wp-json\/wp\/v2\/comments?post=11323"}],"version-history":[{"count":3,"href":"https:\/\/www.asten.ee\/lt\/wp-json\/wp\/v2\/pages\/11323\/revisions"}],"predecessor-version":[{"id":11400,"href":"https:\/\/www.asten.ee\/lt\/wp-json\/wp\/v2\/pages\/11323\/revisions\/11400"}],"wp:featuredmedia":[{"embeddable":true,"href":"https:\/\/www.asten.ee\/lt\/wp-json\/wp\/v2\/media\/11324"}],"wp:attachment":[{"href":"https:\/\/www.asten.ee\/lt\/wp-json\/wp\/v2\/media?parent=11323"}],"curies":[{"name":"wp","href":"https:\/\/api.w.org\/{rel}","templated":true}]}}