{"id":11704,"date":"2022-01-09T15:49:47","date_gmt":"2022-01-09T15:49:47","guid":{"rendered":"https:\/\/asten.ee\/deboxer-inquiry\/"},"modified":"2022-01-14T06:32:10","modified_gmt":"2022-01-14T06:32:10","slug":"deboxer-inquiry","status":"publish","type":"page","link":"https:\/\/www.asten.ee\/en\/deboxer-inquiry\/","title":{"rendered":"Deboxer inquiry"},"content":{"rendered":"\n  <div class=\"banner has-hover\" id=\"banner-211719712\">\n          <div class=\"banner-inner fill\">\n        <div class=\"banner-bg fill\" >\n            <img loading=\"lazy\" decoding=\"async\" width=\"1250\" height=\"433\" src=\"https:\/\/www.asten.ee\/wp-content\/uploads\/2019\/01\/mesindus_2_1.jpg\" class=\"bg attachment-orginal size-orginal\" alt=\"\" \/>                        <div class=\"overlay\"><\/div>            \n\t<div class=\"is-border\"\n\t\tstyle=\"border-width:0 0px 0px 0px;\">\n\t<\/div>\n                    <\/div>\n\t\t\n        <div class=\"banner-layers container\">\n            <div class=\"fill banner-link\"><\/div>            \n   <div id=\"text-box-1963974783\" class=\"text-box banner-layer x5 md-x5 lg-x5 y50 md-y50 lg-y50 res-text\">\n                     <div data-animate=\"fadeInDown\">           <div class=\"text-box-content text box-shadow-4 dark text-shadow-2\">\n              \n\t<div class=\"is-border\"\n\t\tstyle=\"border-radius:20px;border-width:1px 1px 1px 1px;\">\n\t<\/div>\n              <div class=\"text-inner text-center\">\n                  \n<h2 class=\"uppercase\"><span style=\"font-family: Brandon;\"><strong>p\u00e4ring<\/strong><\/span><\/h2>\n<p><strong><span style=\"font-size: 20px; font-family: Brandon;\">Kui sulle j\u00e4i kodulehelt silma midagi p\u00f5nevat, siis anna meile oma soovidest teada.<\/span><\/strong><\/p>\n              <\/div>\n           <\/div>\n       <\/div>                     \n<style>\n#text-box-1963974783 .text-box-content {\n  background-color: rgba(226, 83, 3, 0.56);\n  border-radius: 20px;\n  font-size: 64%;\n}\n#text-box-1963974783 .text-inner {\n  padding: 30px 30px 30px 30px;\n}\n#text-box-1963974783 {\n  width: 60%;\n}\n@media (min-width:550px) {\n  #text-box-1963974783 {\n    width: 40%;\n  }\n}\n<\/style>\n    <\/div>\n \n        <\/div>\n      <\/div>\n\n            \n<style>\n#banner-211719712 {\n  padding-top: 325px;\n}\n#banner-211719712 .overlay {\n  background-color: rgba(0, 0, 0, 0);\n}\n#banner-211719712 .banner-bg img {\n  object-position: 15% 8%;\n}\n<\/style>\n  <\/div>\n\n\n<div class=\"row\"  id=\"row-1361957880\">\n\n\t<div id=\"col-1386379944\" class=\"col medium-2 small-12 large-2\"  >\n\t\t\t\t<div class=\"col-inner\"  >\n\t\t\t\n\t\t\t\n\t\t<\/div>\n\t\t\t\t\t<\/div>\n\n\t\n\n\t<div id=\"col-128340324\" class=\"col medium-8 small-12 large-8\"  >\n\t\t\t\t<div class=\"col-inner\"  >\n\t\t\t\n\t\t\t\n<p style=\"text-align: center;\">Hea mesinik!<\/p>\n<p>Igat p\u00e4ringut t\u00f6\u00f6tleme me personaalselt, v\u00f5ttes arvesse seadmeid, nendele lisanduvaid lisasid ja vajadusel erisoove. Seet\u00f5ttu saame Sulle pakkuda parimat hinda ja tellimust t\u00e4pselt Sinu soovide j\u00e4rgi.<\/p>\n<p style=\"text-align: center;\">Palun kasuta allolevat vormi enda p\u00e4ringu esitamiseks. Soovitame Sul kindlasti kirjutada, kas soovite juurde mingeid lisasid v\u00f5i peaks seadmed ehitama eritellimusena vastavalt Sinu soovide j\u00e4rgi.<\/p>\n\t\t<\/div>\n\t\t\t\t\t<\/div>\n\n\t\n\n\t<div id=\"col-1078819981\" class=\"col medium-2 small-12 large-2\"  >\n\t\t\t\t<div class=\"col-inner\"  >\n\t\t\t\n\t\t\t\n\t\t<\/div>\n\t\t\t\t\t<\/div>\n\n\t\n<\/div>\n<div class=\"is-divider divider clearfix\" style=\"max-width:2000px;height:1px;background-color:rgb(0, 0, 0);\"><\/div>\n<div class=\"row row-large\"  id=\"row-1395015951\">\n\n\t<div id=\"col-1780884294\" class=\"col medium-3 small-12 large-3\"  >\n\t\t\t\t<div class=\"col-inner\"  >\n\t\t\t\n\t\t\t\n\t<div class=\"img has-hover x md-x lg-x y md-y lg-y\" id=\"image_934215961\">\n\t\t\t\t\t\t\t\t<div class=\"img-inner dark\" >\n\t\t\t<img loading=\"lazy\" decoding=\"async\" width=\"908\" height=\"800\" src=\"https:\/\/www.asten.ee\/wp-content\/uploads\/2019\/04\/Deboxer_1500_1300-908x800.jpg\" class=\"attachment-large size-large\" alt=\"\" srcset=\"https:\/\/www.asten.ee\/wp-content\/uploads\/2019\/04\/Deboxer_1500_1300-908x800.jpg 908w, https:\/\/www.asten.ee\/wp-content\/uploads\/2019\/04\/Deboxer_1500_1300-454x400.jpg 454w, https:\/\/www.asten.ee\/wp-content\/uploads\/2019\/04\/Deboxer_1500_1300-500x441.jpg 500w, https:\/\/www.asten.ee\/wp-content\/uploads\/2019\/04\/Deboxer_1500_1300-768x677.jpg 768w, https:\/\/www.asten.ee\/wp-content\/uploads\/2019\/04\/Deboxer_1500_1300-1200x1058.jpg 1200w, https:\/\/www.asten.ee\/wp-content\/uploads\/2019\/04\/Deboxer_1500_1300.jpg 1500w\" sizes=\"auto, (max-width: 908px) 100vw, 908px\" \/>\t\t\t\t\t\t\n\t\t\t\t\t<\/div>\n\t\t\t\t\t\t\t\t\n<style>\n#image_934215961 {\n  width: 70%;\n}\n<\/style>\n\t<\/div>\n\t\n\t\t<\/div>\n\t\t\t\t\t<\/div>\n\n\t\n\n\t<div id=\"col-197327436\" class=\"col medium-5 small-12 large-5\"  >\n\t\t\t\t<div class=\"col-inner\"  >\n\t\t\t\n\t\t\t\n\n<div class=\"wpcf7 no-js\" id=\"wpcf7-f11578-o1\" lang=\"en-US\" dir=\"ltr\" data-wpcf7-id=\"11578\">\n<div class=\"screen-reader-response\"><p role=\"status\" aria-live=\"polite\" aria-atomic=\"true\"><\/p> <ul><\/ul><\/div>\n<form action=\"\/en\/wp-json\/wp\/v2\/pages\/11704#wpcf7-f11578-o1\" method=\"post\" class=\"wpcf7-form init\" aria-label=\"Contact form\" novalidate=\"novalidate\" data-status=\"init\">\n<div style=\"display: none;\">\n<input type=\"hidden\" name=\"_wpcf7\" value=\"11578\" \/>\n<input type=\"hidden\" name=\"_wpcf7_version\" value=\"6.0.5\" \/>\n<input type=\"hidden\" name=\"_wpcf7_locale\" value=\"en_US\" \/>\n<input type=\"hidden\" name=\"_wpcf7_unit_tag\" value=\"wpcf7-f11578-o1\" \/>\n<input type=\"hidden\" name=\"_wpcf7_container_post\" value=\"0\" \/>\n<input type=\"hidden\" name=\"_wpcf7_posted_data_hash\" value=\"\" \/>\n<input type=\"hidden\" name=\"_wpcf7cf_hidden_group_fields\" value=\"[]\" \/>\n<input type=\"hidden\" name=\"_wpcf7cf_hidden_groups\" value=\"[]\" \/>\n<input type=\"hidden\" name=\"_wpcf7cf_visible_groups\" value=\"[]\" \/>\n<input type=\"hidden\" name=\"_wpcf7cf_repeaters\" value=\"[]\" \/>\n<input type=\"hidden\" name=\"_wpcf7cf_steps\" value=\"{}\" \/>\n<input type=\"hidden\" name=\"_wpcf7cf_options\" value=\"{&quot;form_id&quot;:11578,&quot;conditions&quot;:[{&quot;then_field&quot;:&quot;Ettevotevoieraisik&quot;,&quot;and_rules&quot;:[{&quot;if_field&quot;:&quot;radio-547&quot;,&quot;operator&quot;:&quot;equals&quot;,&quot;if_value&quot;:&quot;Ettev\\u00f5te&quot;}]},{&quot;then_field&quot;:&quot;Ettevotevoieraisik&quot;,&quot;and_rules&quot;:[{&quot;if_field&quot;:&quot;radio-547&quot;,&quot;operator&quot;:&quot;equals&quot;,&quot;if_value&quot;:&quot;Company&quot;}]}],&quot;settings&quot;:{&quot;animation&quot;:&quot;yes&quot;,&quot;animation_intime&quot;:200,&quot;animation_outtime&quot;:200,&quot;conditions_ui&quot;:&quot;normal&quot;,&quot;notice_dismissed&quot;:true}}\" \/>\n<input type=\"hidden\" name=\"_wpcf7_recaptcha_response\" value=\"\" \/>\n<\/div>\n<p><label>Are you company or private person?<\/label><br \/>\n<span class=\"wpcf7-form-control-wrap\" data-name=\"radio-547\"><span class=\"wpcf7-form-control wpcf7-radio\"><span class=\"wpcf7-list-item first\"><label><input type=\"radio\" name=\"radio-547\" value=\"Company\" checked=\"checked\" \/><span class=\"wpcf7-list-item-label\">Company<\/span><\/label><\/span><span class=\"wpcf7-list-item last\"><label><input type=\"radio\" name=\"radio-547\" value=\"Private person\" \/><span class=\"wpcf7-list-item-label\">Private person<\/span><\/label><\/span><\/span><\/span>\n<\/p>\n<div data-id=\"Ettevotevoieraisik\" data-orig_data_id=\"Ettevotevoieraisik\"  data-class=\"wpcf7cf_group\">\n\t<p><label>Company (required)<\/label><br \/>\n<span class=\"wpcf7-form-control-wrap\" data-name=\"company\"><input size=\"40\" maxlength=\"400\" class=\"wpcf7-form-control wpcf7-text wpcf7-validates-as-required\" aria-required=\"true\" aria-invalid=\"false\" value=\"\" type=\"text\" name=\"company\" \/><\/span>\n\t<\/p>\n\t<p><label>VAT number (required)<\/label><br \/>\n<span class=\"wpcf7-form-control-wrap\" data-name=\"registrycode\"><input size=\"40\" maxlength=\"400\" class=\"wpcf7-form-control wpcf7-text wpcf7-validates-as-required\" aria-required=\"true\" aria-invalid=\"false\" value=\"\" type=\"text\" name=\"registrycode\" \/><\/span>\n\t<\/p>\n<\/div>\n<p><label>Your name (required)<\/label><br \/>\n<span class=\"wpcf7-form-control-wrap\" data-name=\"your-name\"><input size=\"40\" maxlength=\"400\" class=\"wpcf7-form-control wpcf7-text wpcf7-validates-as-required\" aria-required=\"true\" aria-invalid=\"false\" value=\"\" type=\"text\" name=\"your-name\" \/><\/span>\n<\/p>\n<p><label>Your email (required)<\/label><br \/>\n<span class=\"wpcf7-form-control-wrap\" data-name=\"your-email\"><input size=\"40\" maxlength=\"400\" class=\"wpcf7-form-control wpcf7-email wpcf7-validates-as-required wpcf7-text wpcf7-validates-as-email\" aria-required=\"true\" aria-invalid=\"false\" value=\"\" type=\"email\" name=\"your-email\" \/><\/span>\n<\/p>\n<p><label>Your phone number<\/label><br \/>\n<span class=\"wpcf7-form-control-wrap\" data-name=\"tel-698\"><input size=\"40\" maxlength=\"400\" class=\"wpcf7-form-control wpcf7-tel wpcf7-text wpcf7-validates-as-tel\" aria-invalid=\"false\" value=\"\" type=\"tel\" name=\"tel-698\" \/><\/span>\n<\/p>\n<p><label>Additional comments about the query<\/label><br \/>\n<span class=\"wpcf7-form-control-wrap\" data-name=\"your-message\"><textarea cols=\"40\" rows=\"10\" maxlength=\"2000\" class=\"wpcf7-form-control wpcf7-textarea\" aria-invalid=\"false\" name=\"your-message\"><\/textarea><\/span>\n<\/p>\n<p><label>After submitting your inquiry, we will contact you and prepare the best personal offer for you.<\/label><br \/>\n<input class=\"wpcf7-form-control wpcf7-submit has-spinner button\" type=\"submit\" value=\"Submit inquiry\" \/>\n<\/p><div class=\"wpcf7-response-output\" aria-hidden=\"true\"><\/div>\n<\/form>\n<\/div>\n\n\t\t<\/div>\n\t\t\t\t\t<\/div>\n\n\t\n\n\t<div id=\"col-360862702\" class=\"col medium-4 small-12 large-4\"  >\n\t\t\t\t<div class=\"col-inner\"  >\n\t\t\t\n\t\t\t\n\t<div class=\"img has-hover x md-x lg-x y md-y lg-y\" id=\"image_654265366\">\n\t\t\t\t\t\t\t\t<div class=\"img-inner dark\" >\n\t\t\t<img loading=\"lazy\" decoding=\"async\" width=\"908\" height=\"800\" src=\"https:\/\/www.asten.ee\/wp-content\/uploads\/2019\/04\/Deboxer_1500_1300-908x800.jpg\" class=\"attachment-large size-large\" alt=\"\" srcset=\"https:\/\/www.asten.ee\/wp-content\/uploads\/2019\/04\/Deboxer_1500_1300-908x800.jpg 908w, https:\/\/www.asten.ee\/wp-content\/uploads\/2019\/04\/Deboxer_1500_1300-454x400.jpg 454w, https:\/\/www.asten.ee\/wp-content\/uploads\/2019\/04\/Deboxer_1500_1300-500x441.jpg 500w, https:\/\/www.asten.ee\/wp-content\/uploads\/2019\/04\/Deboxer_1500_1300-768x677.jpg 768w, https:\/\/www.asten.ee\/wp-content\/uploads\/2019\/04\/Deboxer_1500_1300-1200x1058.jpg 1200w, https:\/\/www.asten.ee\/wp-content\/uploads\/2019\/04\/Deboxer_1500_1300.jpg 1500w\" sizes=\"auto, (max-width: 908px) 100vw, 908px\" \/>\t\t\t\t\t\t\n\t\t\t\t\t<\/div>\n\t\t\t\t\t\t\t\t\n<style>\n#image_654265366 {\n  width: 70%;\n}\n<\/style>\n\t<\/div>\n\t\n\t\t<\/div>\n\t\t\t\t\t<\/div>\n\n\t\n<\/div>\n<div class=\"container section-title-container\" style=\"margin-top:0px;max-width:3000px;\"><h3 class=\"section-title section-title-center\"><b><\/b><span class=\"section-title-main\" style=\"color:rgb(230, 110, 30);\">newsletter<\/span><b><\/b><\/h3><\/div>\n\n\t<section class=\"section\" id=\"section_980917549\">\n\t\t<div class=\"section-bg fill\" >\n\t\t\t<img loading=\"lazy\" decoding=\"async\" width=\"1920\" height=\"1280\" src=\"https:\/\/www.asten.ee\/wp-content\/uploads\/2019\/01\/wood-1700562_1920.jpg\" class=\"bg attachment- size-\" alt=\"\" \/>\t\t\t\t\t\t\n\t\t\t\n\t<div class=\"is-border\"\n\t\tstyle=\"border-color:rgb(235, 235, 235);border-width:1px 0px 0px 0px;\">\n\t<\/div>\n\n\t\t<\/div>\n\n\t\t\n\n\t\t<div class=\"section-content relative\">\n\t\t\t\n<div class=\"row row-large align-middle align-center\"  id=\"row-45214445\">\n\n\t<div id=\"col-1318272714\" class=\"col medium-6 small-12 large-6\"  >\n\t\t\t\t<div class=\"col-inner box-shadow-2 box-shadow-5-hover\" style=\"background-color:rgb(255, 255, 255);\" >\n\t\t\t\n\t\t\t\n<p><!-- Begin Mailchimp Signup Form --><\/p>\n<p><span style=\"color: #ed6e1e;\"><strong style=\"font-size: 20px;\"><span style=\"font-family: Brandon;\">Liitu meie uudiskirjaga, et olla kursis v\u00e4rskeima informatsiooniga ning uute blogipostitustega!<\/span><\/strong><\/span><\/p>\n<div id=\"mc_embed_signup\">\n<form id=\"mc-embedded-subscribe-form\" class=\"validate\" action=\"https:\/\/asten.us14.list-manage.com\/subscribe\/post?u=968c61397fad3e35ccb11ba3a&amp;id=6fa6de541c\" method=\"post\" name=\"mc-embedded-subscribe-form\" novalidate=\"\" target=\"_blank\">\n<div id=\"mc_embed_signup_scroll\">\n<div class=\"mc-field-group\"><label for=\"mce-EMAIL\">E-mail aadress <\/label> <input id=\"mce-EMAIL\" class=\"required email\" name=\"EMAIL\" type=\"email\" value=\"\" \/><\/div>\n<div id=\"mce-responses\" class=\"clear\">\n<div id=\"mce-error-response\" class=\"response\" style=\"display: none;\"><\/div>\n<div id=\"mce-success-response\" class=\"response\" style=\"display: none;\"><\/div>\n<\/div>\n<p><!-- real people should not fill this in and expect good things - do not remove this or risk form bot signups--><\/p>\n<div style=\"position: absolute; left: -5000px;\" aria-hidden=\"true\"><input tabindex=\"-1\" name=\"b_968c61397fad3e35ccb11ba3a_6fa6de541c\" type=\"text\" value=\"\" \/><\/div>\n<div class=\"clear\"><input id=\"mc-embedded-subscribe\" class=\"button\" name=\"subscribe\" type=\"submit\" value=\"Liitu uudiskirjaga\" \/><\/div>\n<\/div>\n<\/form>\n<\/div>\n<p><!--End mc_embed_signup--><\/p>\n\t\t<\/div>\n\t\t\t\t\n<style>\n#col-1318272714 > .col-inner {\n  padding: 15px 15px 15px 15px;\n}\n<\/style>\n\t<\/div>\n\n\t\n\n\t<div id=\"col-805322666\" class=\"col medium-6 small-12 large-6\"  >\n\t\t\t\t<div class=\"col-inner text-center\"  >\n\t\t\t\n\t\t\t\n<p><strong><span style=\"font-size: 20px;\"><span style=\"font-family: Brandon; color: #ffffff;\">Kui soovid, et meie v\u00e4rskemad postitused blogis, tootetutvustused ning k\u00f5ik muu oluline informatsioon Sinuni \u00f5igel ajal j\u00f5uaks, siis liitu meie uudiskirjaga. Saadame aegajalt teavitusi postkasti uutest postitustest ning ei soovi reostada Sinu postkasti. <\/span><\/span><\/strong><\/p>\n\t\t<\/div>\n\t\t\t\t\t<\/div>\n\n\t\n<\/div>\n\t\t<\/div>\n\n\t\t\n<style>\n#section_980917549 {\n  padding-top: 59px;\n  padding-bottom: 59px;\n  min-height: 300px;\n  background-color: rgb(240, 240, 240);\n}\n<\/style>\n\t<\/section>\n\t\n","protected":false},"excerpt":{"rendered":"","protected":false},"author":1,"featured_media":0,"parent":0,"menu_order":0,"comment_status":"closed","ping_status":"closed","template":"page-blank.php","meta":{"footnotes":""},"class_list":["post-11704","page","type-page","status-publish","hentry"],"_links":{"self":[{"href":"https:\/\/www.asten.ee\/en\/wp-json\/wp\/v2\/pages\/11704","targetHints":{"allow":["GET"]}}],"collection":[{"href":"https:\/\/www.asten.ee\/en\/wp-json\/wp\/v2\/pages"}],"about":[{"href":"https:\/\/www.asten.ee\/en\/wp-json\/wp\/v2\/types\/page"}],"author":[{"embeddable":true,"href":"https:\/\/www.asten.ee\/en\/wp-json\/wp\/v2\/users\/1"}],"replies":[{"embeddable":true,"href":"https:\/\/www.asten.ee\/en\/wp-json\/wp\/v2\/comments?post=11704"}],"version-history":[{"count":6,"href":"https:\/\/www.asten.ee\/en\/wp-json\/wp\/v2\/pages\/11704\/revisions"}],"predecessor-version":[{"id":11898,"href":"https:\/\/www.asten.ee\/en\/wp-json\/wp\/v2\/pages\/11704\/revisions\/11898"}],"wp:attachment":[{"href":"https:\/\/www.asten.ee\/en\/wp-json\/wp\/v2\/media?parent=11704"}],"curies":[{"name":"wp","href":"https:\/\/api.w.org\/{rel}","templated":true}]}}